  {"id":11797,"date":"2020-09-10T11:49:17","date_gmt":"2020-09-10T11:49:17","guid":{"rendered":"https:\/\/www.unicaf.org\/about\/milestones\/"},"modified":"2022-05-10T13:53:45","modified_gmt":"2022-05-10T10:53:45","slug":"milestones","status":"publish","type":"page","link":"https:\/\/www.unicaf.org\/fr\/a-propos\/milestones\/","title":{"rendered":"Notre histoire"},"content":{"rendered":"<div class=\"container\" id=\"title-subtitle-content\">\n    <h1 class=\"bold\"><\/h1>\n    <p class=\"subtitle semi-bold\"> <\/p>\n    <div class=\"wysiwyg-editor-body\">\n        \n    <\/div>\n    <\/div>\n\n\n<!-- Card With Excerpt of single success story-->\n<div class=\"container blockquote-container py-5 \">\n    <div class=\"card item  card-success-stories\">\n        <div class=\"card-body d-flex  flex-column\">\n            <div class=\"row my-5\">\n                               <div class=\"card-text  mt-5 my-auto\">\n                    <i class=\"fas fa-quote-left\"><\/i>\n                    <h4 class=\"blockquote bold white-txt\"><p><span data-sheets-value=\"{&quot;1&quot;:2,&quot;2&quot;:&quot;En tant qu'Unicaf, nous nous effor\u00e7ons d'avoir un impact positif sur la qualit\u00e9 et la disponibilit\u00e9 de l'enseignement sup\u00e9rieur et sur le d\u00e9veloppement \u00e9conomique de toutes les communaut\u00e9s que nous servons.&quot;}\" data-sheets-userformat=\"{&quot;2&quot;:15297,&quot;3&quot;:{&quot;1&quot;:0},&quot;9&quot;:0,&quot;10&quot;:0,&quot;11&quot;:4,&quot;12&quot;:0,&quot;14&quot;:{&quot;1&quot;:3,&quot;3&quot;:1},&quot;15&quot;:&quot;Arial&quot;,&quot;16&quot;:10}\">En tant qu&#8217;Unicaf, nous nous effor\u00e7ons d&#8217;avoir un impact positif sur la qualit\u00e9 et la disponibilit\u00e9 de l&#8217;enseignement sup\u00e9rieur et sur le d\u00e9veloppement \u00e9conomique de toutes les communaut\u00e9s que nous servons.<\/span><\/p>\n<\/h4><br\/>\n\n                    <div class=\"pt-3\">\n                        <div class=\"white-txt bold h3\">Dr. Nicos Nicolaou<\/div>\n                        <p class=\"p2-size white-txt\">PDG<\/p>\n                    <\/div>\n                <\/div>\n            <\/div>\n        <\/div>\n    <\/div>\n<\/div>\n<!-- Card With Excerpt of single success story-->\n\n\n\t\t\t<!-- Cool Timeline Free V3.2 -->\n\t\t\t<div class=\"ctl-wrapper\" role=\"region\" aria-label=\"Timeline\">\n\t\t\t\t<div class=\"ctl-before-content\"><div class=\"timeline-main-title\"><h2>Cool Timeline<\/h2><\/div><\/div>\t\t\t\t<div id=\"cool_timeline_1\" class=\"cool-timeline-wrapper ctl-both-sided ctl-vertical-wrapper\" >\n\t\t\t\t\t<div class=\"ctl-start\"><\/div>\n\t\t\t\t\t<!-- Timeline Container -->\n\t\t\t\t\t<div class=\"ctl-timeline ctl-timeline-container\" data-animation=\"none\">\n\t\t\t\t\t\t<!-- Center Line -->\n\t\t\t\t\t\t<div class=\"ctl-inner-line\" role=\"presentation\"><\/div>\n\t\t\t\t\t\t<!-- Story Year Section --><div data-cls=\"sc-nv-light vertical\" class=\"timeline-year scrollable-section ctl-year ctl-year-container light-year\" data-section-title=\"2012\" id=\"year-2012\"><div class=\"ctl-year-label ctl-year-text\"><span>2012<\/span><\/div><\/div><!-- Timeline Content --><div  id=\"ctl-story-12222\" class=\"ctl-story ctl-story-icon odd ctl-story-right\" data-aos=\"none\"   data-story-index=\"1\" role=\"article\"><!-- Story Date --><div class=\"ctl-labels\"><div class=\"ctl-label-big story-date\">2012<\/div><\/div><!-- Story Icon --><div class=\"ctl-icon\"><i class= \"fa fas fa-building\" aria-hidden =\"true\"><\/i><\/div> <!-- Story Arrow --><div class=\"ctl-arrow\"><\/div><!-- Story Content --><div class=\"ctl-content\"><!-- Story Title --><div class=\"ctl-title story-12222\" aria-label=\"2\">Cr\u00e9ation d&#8217;Unicaf<\/div><!-- Story Description --><div class=\"ctl-description\"><ul>\r\n \t<li><strong>10 employ\u00e9s<\/strong><\/li>\r\n \t<li><strong>20 \u00e9tudiants<\/strong><\/li>\r\n \t<li><strong>1 programme<\/strong><\/li>\r\n<\/ul><\/div><\/div><\/div><!-- Story Year Section --><div data-cls=\"sc-nv-light vertical\" class=\"timeline-year scrollable-section ctl-year ctl-year-container light-year\" data-section-title=\"2013\" id=\"year-2013\"><div class=\"ctl-year-label ctl-year-text\"><span>2013<\/span><\/div><\/div><!-- Timeline Content --><div  id=\"ctl-story-12224\" class=\"ctl-story ctl-story-icon even ctl-story-left\" data-aos=\"none\"   data-story-index=\"2\" role=\"article\"><!-- Story Date --><div class=\"ctl-labels\"><div class=\"ctl-label-big story-date\">2013<\/div><\/div><!-- Story Icon --><div class=\"ctl-icon\"><i class= \"fa fas fa-building\" aria-hidden =\"true\"><\/i><\/div> <!-- Story Arrow --><div class=\"ctl-arrow\"><\/div><!-- Story Content --><div class=\"ctl-content\"><!-- Story Title --><div class=\"ctl-title story-12224\" aria-label=\"2\">Unicaf commence \u00e0 se d\u00e9velopper<\/div><!-- Story Description --><div class=\"ctl-description\"><ul>\n<li><strong>547 \u00e9tudiants<\/strong><\/li>\n<li><strong>Premi\u00e8re universit\u00e9 partenaire au Royaume-Uni<\/strong><\/li>\n<li><strong>50 employ\u00e9s<\/strong><\/li>\n<li><strong>6 programmes<\/strong><\/li>\n<\/ul>\n<\/div><\/div><\/div><!-- Story Year Section --><div data-cls=\"sc-nv-light vertical\" class=\"timeline-year scrollable-section ctl-year ctl-year-container light-year\" data-section-title=\"2014\" id=\"year-2014\"><div class=\"ctl-year-label ctl-year-text\"><span>2014<\/span><\/div><\/div><!-- Timeline Content --><div  id=\"ctl-story-12226\" class=\"ctl-story ctl-story-icon odd ctl-story-right\" data-aos=\"none\"   data-story-index=\"3\" role=\"article\"><!-- Story Date --><div class=\"ctl-labels\"><div class=\"ctl-label-big story-date\">2014<\/div><\/div><!-- Story Icon --><div class=\"ctl-icon\"><i class= \"fa fas fa-building\" aria-hidden =\"true\"><\/i><\/div> <!-- Story Arrow --><div class=\"ctl-arrow\"><\/div><!-- Story Content --><div class=\"ctl-content\"><!-- Story Title --><div class=\"ctl-title story-12226\" aria-label=\"2\">Unicaf poursuit son expansion rapide<\/div><!-- Story Description --><div class=\"ctl-description\"><ul>\n<li><strong>3 000 \u00e9tudiants<\/strong><\/li>\n<li><strong>6 programmes<\/strong><\/li>\n<\/ul>\n<\/div><\/div><\/div><!-- Story Year Section --><div data-cls=\"sc-nv-light vertical\" class=\"timeline-year scrollable-section ctl-year ctl-year-container light-year\" data-section-title=\"2016\" id=\"year-2016\"><div class=\"ctl-year-label ctl-year-text\"><span>2016<\/span><\/div><\/div><!-- Timeline Content --><div  id=\"ctl-story-12229\" class=\"ctl-story ctl-story-icon even ctl-story-left\" data-aos=\"none\"   data-story-index=\"4\" role=\"article\"><!-- Story Date --><div class=\"ctl-labels\"><div class=\"ctl-label-big story-date\">2016<\/div><\/div><!-- Story Icon --><div class=\"ctl-icon\"><i class= \"fa fas fa-building\" aria-hidden =\"true\"><\/i><\/div> <!-- Story Arrow --><div class=\"ctl-arrow\"><\/div><!-- Story Content --><div class=\"ctl-content\"><!-- Story Title --><div class=\"ctl-title story-12229\" aria-label=\"2\">Cr\u00e9ation de l&#8217;universit\u00e9 Unicaf<\/div><!-- Story Description --><div class=\"ctl-description\"><ul>\n<li><strong>Cr\u00e9ation de l&#8217;universit\u00e9 Unicaf<\/strong><\/li>\n<li><strong>Premier campus universitaire Unicaf en Afrique<\/strong><\/li>\n<li><strong>Ajout de nouveaux partenaires universitaires britanniques<\/strong><\/li>\n<\/ul>\n<\/div><\/div><\/div><!-- Story Year Section --><div data-cls=\"sc-nv-light vertical\" class=\"timeline-year scrollable-section ctl-year ctl-year-container light-year\" data-section-title=\"2019\" id=\"year-2019\"><div class=\"ctl-year-label ctl-year-text\"><span>2019<\/span><\/div><\/div><!-- Timeline Content --><div  id=\"ctl-story-12220\" class=\"ctl-story ctl-story-icon odd ctl-story-right\" data-aos=\"none\"   data-story-index=\"5\" role=\"article\"><!-- Story Date --><div class=\"ctl-labels\"><div class=\"ctl-label-big story-date\">2019<\/div><\/div><!-- Story Icon --><div class=\"ctl-icon\"><i class= \"fa fas fa-building\" aria-hidden =\"true\"><\/i><\/div> <!-- Story Arrow --><div class=\"ctl-arrow\"><\/div><!-- Story Content --><div class=\"ctl-content\"><!-- Story Title --><div class=\"ctl-title story-12220\" aria-label=\"2\">Principale plateforme en ligne en Afrique<\/div><!-- Story Description --><div class=\"ctl-description\"><ul>\n<li><strong>En 2020, Unicaf devient la premi\u00e8re plateforme d&#8217;enseignement sup\u00e9rieur en ligne en Afrique<\/strong><\/li>\n<li><strong>Plus de 100 programmes de premier et de deuxi\u00e8me cycle<\/strong><\/li>\n<li><strong>Plusieurs campus universitaires Unicaf en Afrique<\/strong><\/li>\n<li><strong>Partenaires universitaires britanniques multiples <\/strong><\/li>\n<li><strong>Plus de 30 000 \u00e9tudiants dans 156 pays<\/strong><\/li>\n<\/ul>\n<\/div><\/div><\/div><!-- Story Year Section --><div data-cls=\"sc-nv-light vertical\" class=\"timeline-year scrollable-section ctl-year ctl-year-container light-year\" data-section-title=\"2021\" id=\"year-2021\"><div class=\"ctl-year-label ctl-year-text\"><span>2021<\/span><\/div><\/div><!-- Timeline Content --><div  id=\"ctl-story-12232\" class=\"ctl-story ctl-story-icon even ctl-story-left\" data-aos=\"none\"   data-story-index=\"6\" role=\"article\"><!-- Story Date --><div class=\"ctl-labels\"><div class=\"ctl-label-big story-date\">2021<\/div><\/div><!-- Story Icon --><div class=\"ctl-icon\"><i class= \"fa fas fa-building\" aria-hidden =\"true\"><\/i><\/div> <!-- Story Arrow --><div class=\"ctl-arrow\"><\/div><!-- Story Content --><div class=\"ctl-content\"><!-- Story Title --><div class=\"ctl-title story-12232\" aria-label=\"2\">\u00c9tapes cl\u00e9s en 2021<\/div><!-- Story Description --><div class=\"ctl-description\"><ul>\n<li style=\"font-weight: 400\"><strong>L&#8217; universit\u00e9 Unicaf ouvre son campus en Ouganda<\/strong><\/li>\n<li style=\"font-weight: 400\"><strong>L&#8217; universit\u00e9 Unicaf re\u00e7oit l&#8217;accr\u00e9ditation finale du Conseil britannique d&#8217;accr\u00e9ditation pour l&#8217;enseignement sup\u00e9rieur ind\u00e9pendant en tant qu&#8217;\u00e9tablissement d&#8217;enseignement sup\u00e9rieur ind\u00e9pendant<\/strong><\/li>\n<li style=\"font-weight: 400\"><strong>Unicaf et l&#8217;universit\u00e9 Unicaf deviennent des membres institutionnels de l&#8217;Advance HE<\/strong><\/li>\n<li style=\"font-weight: 400\"><strong>Nomination de l&#8217;universit\u00e9 Unicaf pour l&#8217;institution de l&#8217;ann\u00e9e 2021 en mati\u00e8re de durabilit\u00e9<\/strong><\/li>\n<\/ul>\n<\/div><\/div><\/div>\t\t\t\t\t<\/div>\n\t\t\t\t\t<div class=\"ctl-end\"><\/div>\n\t\t\t\t\t\t\t\t\t<\/div>\n\t\t\t<\/div>\n\t\t\t","protected":false},"excerpt":{"rendered":"","protected":false},"author":5,"featured_media":10979,"parent":11784,"menu_order":61,"comment_status":"closed","ping_status":"closed","template":"page-with-header.php","meta":{"_acf_changed":false,"footnotes":""},"class_list":["post-11797","page","type-page","status-publish","has-post-thumbnail","hentry"],"acf":[],"yoast_head":"<!-- This site is optimized with the Yoast SEO Premium plugin v26.7 (Yoast SEO v26.7) - https:\/\/yoast.com\/wordpress\/plugins\/seo\/ -->\n<title>Notre histoire - Unicaf - Scholarship Programme<\/title>\n<meta name=\"robots\" content=\"index, follow, max-snippet:-1, max-image-preview:large, max-video-preview:-1\" \/>\n<link rel=\"canonical\" href=\"https:\/\/www.unicaf.org\/fr\/a-propos\/milestones\/\" \/>\n<meta property=\"og:locale\" content=\"fr_FR\" \/>\n<meta property=\"og:type\" content=\"article\" \/>\n<meta property=\"og:title\" content=\"Notre histoire\" \/>\n<meta property=\"og:url\" content=\"https:\/\/www.unicaf.org\/fr\/a-propos\/milestones\/\" \/>\n<meta property=\"og:site_name\" content=\"Unicaf - Scholarship Programme\" \/>\n<meta property=\"article:publisher\" content=\"https:\/\/www.facebook.com\/UNICAF\" \/>\n<meta property=\"article:modified_time\" content=\"2022-05-10T10:53:45+00:00\" \/>\n<meta property=\"og:image\" content=\"https:\/\/cdn.unicaf.org\/websites\/unicaf\/wp-content\/uploads\/2022\/04\/Unicaf-logo-4-Copy.png\" \/>\n\t<meta property=\"og:image:width\" content=\"250\" \/>\n\t<meta property=\"og:image:height\" content=\"250\" \/>\n\t<meta property=\"og:image:type\" content=\"image\/png\" \/>\n<meta name=\"twitter:card\" content=\"summary_large_image\" \/>\n<meta name=\"twitter:title\" content=\"false\" \/>\n<meta name=\"twitter:site\" content=\"@Unicaforg\" \/>\n<script type=\"application\/ld+json\" class=\"yoast-schema-graph\">{\"@context\":\"https:\/\/schema.org\",\"@graph\":[{\"@type\":\"WebPage\",\"@id\":\"https:\/\/www.unicaf.org\/fr\/a-propos\/milestones\/\",\"url\":\"https:\/\/www.unicaf.org\/fr\/a-propos\/milestones\/\",\"name\":\"Notre histoire - Unicaf - Scholarship Programme\",\"isPartOf\":{\"@id\":\"https:\/\/www.unicaf.org\/#website\"},\"primaryImageOfPage\":{\"@id\":\"https:\/\/www.unicaf.org\/fr\/a-propos\/milestones\/#primaryimage\"},\"image\":{\"@id\":\"https:\/\/www.unicaf.org\/fr\/a-propos\/milestones\/#primaryimage\"},\"thumbnailUrl\":\"https:\/\/cdn.unicaf.org\/websites\/unicaf\/wp-content\/uploads\/2021\/07\/MILESTONES.png\",\"datePublished\":\"2020-09-10T11:49:17+00:00\",\"dateModified\":\"2022-05-10T10:53:45+00:00\",\"breadcrumb\":{\"@id\":\"https:\/\/www.unicaf.org\/fr\/a-propos\/milestones\/#breadcrumb\"},\"inLanguage\":\"fr-FR\",\"potentialAction\":[{\"@type\":\"ReadAction\",\"target\":[\"https:\/\/www.unicaf.org\/fr\/a-propos\/milestones\/\"]}]},{\"@type\":\"ImageObject\",\"inLanguage\":\"fr-FR\",\"@id\":\"https:\/\/www.unicaf.org\/fr\/a-propos\/milestones\/#primaryimage\",\"url\":\"https:\/\/cdn.unicaf.org\/websites\/unicaf\/wp-content\/uploads\/2021\/07\/MILESTONES.png\",\"contentUrl\":\"https:\/\/cdn.unicaf.org\/websites\/unicaf\/wp-content\/uploads\/2021\/07\/MILESTONES.png\",\"width\":1920,\"height\":420,\"caption\":\"milestones\"},{\"@type\":\"BreadcrumbList\",\"@id\":\"https:\/\/www.unicaf.org\/fr\/a-propos\/milestones\/#breadcrumb\",\"itemListElement\":[{\"@type\":\"ListItem\",\"position\":1,\"name\":\"\u00c0 propos\",\"item\":\"https:\/\/www.unicaf.org\/fr\/a-propos\/\"},{\"@type\":\"ListItem\",\"position\":2,\"name\":\"Notre histoire\"}]},{\"@type\":\"WebSite\",\"@id\":\"https:\/\/www.unicaf.org\/#website\",\"url\":\"https:\/\/www.unicaf.org\/\",\"name\":\"Unicaf - Scholarship Programme\",\"description\":\"Study Online Graduate On Campus\",\"publisher\":{\"@id\":\"https:\/\/www.unicaf.org\/#organization\"},\"potentialAction\":[{\"@type\":\"SearchAction\",\"target\":{\"@type\":\"EntryPoint\",\"urlTemplate\":\"https:\/\/www.unicaf.org\/?s={search_term_string}\"},\"query-input\":{\"@type\":\"PropertyValueSpecification\",\"valueRequired\":true,\"valueName\":\"search_term_string\"}}],\"inLanguage\":\"fr-FR\"},{\"@type\":\"Organization\",\"@id\":\"https:\/\/www.unicaf.org\/#organization\",\"name\":\"Unicaf\",\"url\":\"https:\/\/www.unicaf.org\/\",\"logo\":{\"@type\":\"ImageObject\",\"inLanguage\":\"fr-FR\",\"@id\":\"https:\/\/www.unicaf.org\/#\/schema\/logo\/image\/\",\"url\":\"https:\/\/cdn.unicaf.org\/websites\/unicaf\/wp-content\/uploads\/2021\/03\/Unicaf-logo.png\",\"contentUrl\":\"https:\/\/cdn.unicaf.org\/websites\/unicaf\/wp-content\/uploads\/2021\/03\/Unicaf-logo.png\",\"width\":270,\"height\":80,\"caption\":\"Unicaf\"},\"image\":{\"@id\":\"https:\/\/www.unicaf.org\/#\/schema\/logo\/image\/\"},\"sameAs\":[\"https:\/\/www.facebook.com\/UNICAF\",\"https:\/\/x.com\/Unicaforg\",\"https:\/\/www.instagram.com\/unicaf_online\",\"https:\/\/www.linkedin.com\/school\/5229637\/admin\/\",\"https:\/\/www.youtube.com\/c\/UnicafOrganization\",\"https:\/\/en.wikipedia.org\/wiki\/UNICAF\"]}]}<\/script>\n<!-- \/ Yoast SEO Premium plugin. -->","yoast_head_json":{"title":"Notre histoire - Unicaf - Scholarship Programme","robots":{"index":"index","follow":"follow","max-snippet":"max-snippet:-1","max-image-preview":"max-image-preview:large","max-video-preview":"max-video-preview:-1"},"canonical":"https:\/\/www.unicaf.org\/fr\/a-propos\/milestones\/","og_locale":"fr_FR","og_type":"article","og_title":"Notre histoire","og_url":"https:\/\/www.unicaf.org\/fr\/a-propos\/milestones\/","og_site_name":"Unicaf - Scholarship Programme","article_publisher":"https:\/\/www.facebook.com\/UNICAF","article_modified_time":"2022-05-10T10:53:45+00:00","og_image":[{"width":250,"height":250,"url":"https:\/\/cdn.unicaf.org\/websites\/unicaf\/wp-content\/uploads\/2022\/04\/Unicaf-logo-4-Copy.png","type":"image\/png"}],"twitter_card":"summary_large_image","twitter_title":"false","twitter_site":"@Unicaforg","schema":{"@context":"https:\/\/schema.org","@graph":[{"@type":"WebPage","@id":"https:\/\/www.unicaf.org\/fr\/a-propos\/milestones\/","url":"https:\/\/www.unicaf.org\/fr\/a-propos\/milestones\/","name":"Notre histoire - Unicaf - Scholarship Programme","isPartOf":{"@id":"https:\/\/www.unicaf.org\/#website"},"primaryImageOfPage":{"@id":"https:\/\/www.unicaf.org\/fr\/a-propos\/milestones\/#primaryimage"},"image":{"@id":"https:\/\/www.unicaf.org\/fr\/a-propos\/milestones\/#primaryimage"},"thumbnailUrl":"https:\/\/cdn.unicaf.org\/websites\/unicaf\/wp-content\/uploads\/2021\/07\/MILESTONES.png","datePublished":"2020-09-10T11:49:17+00:00","dateModified":"2022-05-10T10:53:45+00:00","breadcrumb":{"@id":"https:\/\/www.unicaf.org\/fr\/a-propos\/milestones\/#breadcrumb"},"inLanguage":"fr-FR","potentialAction":[{"@type":"ReadAction","target":["https:\/\/www.unicaf.org\/fr\/a-propos\/milestones\/"]}]},{"@type":"ImageObject","inLanguage":"fr-FR","@id":"https:\/\/www.unicaf.org\/fr\/a-propos\/milestones\/#primaryimage","url":"https:\/\/cdn.unicaf.org\/websites\/unicaf\/wp-content\/uploads\/2021\/07\/MILESTONES.png","contentUrl":"https:\/\/cdn.unicaf.org\/websites\/unicaf\/wp-content\/uploads\/2021\/07\/MILESTONES.png","width":1920,"height":420,"caption":"milestones"},{"@type":"BreadcrumbList","@id":"https:\/\/www.unicaf.org\/fr\/a-propos\/milestones\/#breadcrumb","itemListElement":[{"@type":"ListItem","position":1,"name":"\u00c0 propos","item":"https:\/\/www.unicaf.org\/fr\/a-propos\/"},{"@type":"ListItem","position":2,"name":"Notre histoire"}]},{"@type":"WebSite","@id":"https:\/\/www.unicaf.org\/#website","url":"https:\/\/www.unicaf.org\/","name":"Unicaf - Scholarship Programme","description":"Study Online Graduate On Campus","publisher":{"@id":"https:\/\/www.unicaf.org\/#organization"},"potentialAction":[{"@type":"SearchAction","target":{"@type":"EntryPoint","urlTemplate":"https:\/\/www.unicaf.org\/?s={search_term_string}"},"query-input":{"@type":"PropertyValueSpecification","valueRequired":true,"valueName":"search_term_string"}}],"inLanguage":"fr-FR"},{"@type":"Organization","@id":"https:\/\/www.unicaf.org\/#organization","name":"Unicaf","url":"https:\/\/www.unicaf.org\/","logo":{"@type":"ImageObject","inLanguage":"fr-FR","@id":"https:\/\/www.unicaf.org\/#\/schema\/logo\/image\/","url":"https:\/\/cdn.unicaf.org\/websites\/unicaf\/wp-content\/uploads\/2021\/03\/Unicaf-logo.png","contentUrl":"https:\/\/cdn.unicaf.org\/websites\/unicaf\/wp-content\/uploads\/2021\/03\/Unicaf-logo.png","width":270,"height":80,"caption":"Unicaf"},"image":{"@id":"https:\/\/www.unicaf.org\/#\/schema\/logo\/image\/"},"sameAs":["https:\/\/www.facebook.com\/UNICAF","https:\/\/x.com\/Unicaforg","https:\/\/www.instagram.com\/unicaf_online","https:\/\/www.linkedin.com\/school\/5229637\/admin\/","https:\/\/www.youtube.com\/c\/UnicafOrganization","https:\/\/en.wikipedia.org\/wiki\/UNICAF"]}]}},"_links":{"self":[{"href":"https:\/\/www.unicaf.org\/fr\/wp-json\/wp\/v2\/pages\/11797","targetHints":{"allow":["GET"]}}],"collection":[{"href":"https:\/\/www.unicaf.org\/fr\/wp-json\/wp\/v2\/pages"}],"about":[{"href":"https:\/\/www.unicaf.org\/fr\/wp-json\/wp\/v2\/types\/page"}],"author":[{"embeddable":true,"href":"https:\/\/www.unicaf.org\/fr\/wp-json\/wp\/v2\/users\/5"}],"replies":[{"embeddable":true,"href":"https:\/\/www.unicaf.org\/fr\/wp-json\/wp\/v2\/comments?post=11797"}],"version-history":[{"count":7,"href":"https:\/\/www.unicaf.org\/fr\/wp-json\/wp\/v2\/pages\/11797\/revisions"}],"predecessor-version":[{"id":14997,"href":"https:\/\/www.unicaf.org\/fr\/wp-json\/wp\/v2\/pages\/11797\/revisions\/14997"}],"up":[{"embeddable":true,"href":"https:\/\/www.unicaf.org\/fr\/wp-json\/wp\/v2\/pages\/11784"}],"wp:featuredmedia":[{"embeddable":true,"href":"https:\/\/www.unicaf.org\/fr\/wp-json\/wp\/v2\/media\/10979"}],"wp:attachment":[{"href":"https:\/\/www.unicaf.org\/fr\/wp-json\/wp\/v2\/media?parent=11797"}],"curies":[{"name":"wp","href":"https:\/\/api.w.org\/{rel}","templated":true}]}}