  {"id":11846,"date":"2020-10-15T05:58:13","date_gmt":"2020-10-15T05:58:13","guid":{"rendered":"https:\/\/www.unicaf.org\/discover\/experience\/online-experience\/"},"modified":"2022-05-10T13:57:15","modified_gmt":"2022-05-10T10:57:15","slug":"online-experience","status":"publish","type":"page","link":"https:\/\/www.unicaf.org\/fr\/discover\/experience\/online-experience\/","title":{"rendered":"Exp\u00e9rience en ligne"},"content":{"rendered":"<div class=\"container\" id=\"title-subtitle-content\">\n    <h1 class=\"bold\"><\/h1>\n    <p class=\"subtitle semi-bold\"> <\/p>\n    <div class=\"wysiwyg-editor-body\">\n        \n    <\/div>\n    <\/div>\n\n\n<div class=\"container wysiwyg-editor-body\"><h2><span data-sheets-value=\"{&quot;1&quot;:2,&quot;2&quot;:&quot;Quels sont les principaux avantages ?&quot;}\" data-sheets-userformat=\"{&quot;2&quot;:15297,&quot;3&quot;:{&quot;1&quot;:0},&quot;9&quot;:0,&quot;10&quot;:0,&quot;11&quot;:4,&quot;12&quot;:0,&quot;14&quot;:{&quot;1&quot;:3,&quot;3&quot;:1},&quot;15&quot;:&quot;Arial&quot;,&quot;16&quot;:10}\">Quels sont les principaux avantages ?<\/span><\/h2>\n<p>&nbsp;<\/p>\n<p><strong>Flexibilit\u00e9 :<\/strong> Vous pouvez \u00e9tudier quand cela convient \u00e0 votre emploi du temps professionnel et familial, o\u00f9 que vous vous trouviez. Le soir et le week-end, depuis chez vous, pendant votre pause d\u00e9jeuner, dans le train pour aller au travail, apr\u00e8s avoir pr\u00e9par\u00e9 le d\u00eener pour la famille, ou pendant un vol pour un voyage d&#8217;affaires. Tout ce dont vous avez besoin est un appareil num\u00e9rique connect\u00e9 \u00e0 l&#8217;internet. Vous pouvez utiliser n&#8217;importe quel appareil, d&#8217;un PC ou d&#8217;un ordinateur portable \u00e0 une tablette ou m\u00eame \u00e0 partir d&#8217;un t\u00e9l\u00e9phone portable.<\/p>\n<p><strong>Accessibilit\u00e9 :<\/strong> Le contenu des cours est disponible 24 heures sur 24 et 7 jours sur 7 sur la plateforme d&#8217;apprentissage en ligne. Vous pouvez envoyer des messages \u00e0 vos instructeurs et aux autres \u00e9tudiants du monde entier et \u00e0 tout moment. Vous pouvez compl\u00e9ter et soumettre des devoirs, passer des examens et recevoir vos notes par le biais de l&#8217;environnement d&#8217;apprentissage virtuel (EAV), facile \u00e0 naviguer.<\/p>\n<p><strong>Abordabilit\u00e9 :<\/strong> Les frais de scolarit\u00e9 en ligne sont moins \u00e9lev\u00e9s que les frais sur le campus et avec une bourse Unicaf, les dipl\u00f4mes de haute qualit\u00e9 sont encore plus abordables. Gr\u00e2ce \u00e0 Unicaf, vous pouvez obtenir le m\u00eame dipl\u00f4me dans une universit\u00e9 partenaire que les \u00e9tudiants sur le campus, mais \u00e0 une petite partie du co\u00fbt. Et gr\u00e2ce \u00e0 des plans de paiement faciles et sur mesure, vous pouvez payer vos \u00e9tudes sans difficult\u00e9 et sans vous endetter.<\/p>\n<p><strong>Cr\u00e9dibilit\u00e9 :<\/strong> En poursuivant un dipl\u00f4me internationalement reconnu ou un cours professionnel en ligne , vous pouvez am\u00e9liorer votre CV et faire progresser votre carri\u00e8re sans quitter votre pays ou votre emploi. Les employeurs consid\u00e8rent aussi comme un avantage la perspective qu&#8217;offre l&#8217;apprentissage international en ligne gr\u00e2ce \u00e0 l&#8217;\u00e9change d&#8217;id\u00e9es et de pratiques entre les \u00e9tudiants de diff\u00e9rents pays et cultures. Il d\u00e9montre \u00e9galement que vous disposez d&#8217;excellentes comp\u00e9tences num\u00e9riques, qui sont de plus en plus importantes dans le monde d&#8217;aujourd&#8217;hui.<\/p>\n<p>&nbsp;<\/p>\n<\/div>\n\n<div class=\"d-flex position-relative align-items-center justify-content-center rounded simple-video mb-2 mb-lg-3\">\n    <img loading=\"lazy\" decoding=\"async\" width=\"768\" height=\"374\" src=\"https:\/\/cdn.unicaf.org\/websites\/unicaf\/wp-content\/uploads\/2021\/07\/transform-768x374.jpg\" class=\"video-image img-fluid\" alt=\"\" srcset=\"https:\/\/cdn.unicaf.org\/websites\/unicaf\/wp-content\/uploads\/2021\/07\/transform-300x146.jpg 300w, https:\/\/cdn.unicaf.org\/websites\/unicaf\/wp-content\/uploads\/2021\/07\/transform-1024x499.jpg 1024w, https:\/\/cdn.unicaf.org\/websites\/unicaf\/wp-content\/uploads\/2021\/07\/transform-768x374.jpg 768w, https:\/\/cdn.unicaf.org\/websites\/unicaf\/wp-content\/uploads\/2021\/07\/transform-1536x748.jpg 1536w, https:\/\/cdn.unicaf.org\/websites\/unicaf\/wp-content\/uploads\/2021\/07\/transform.jpg 1907w\" sizes=\"auto, (max-width: 768px) 100vw, 768px\" \/>\n    <a href=\"https:\/\/www.youtube.com\/watch?v=-3_l8hXBEmg\" data-video-id=\"-3_l8hXBEmg\" class=\"rounded-circle position-absolute play-btn\"\n    onclick=\"event.preventDefault();return play_video_in_modal(this);\"><i class=\"fas fa-play\"><\/i><\/a>\n<\/div>\n\n<div class=\"container pb-5\">\n    <h2 class=\"bold\">Programmes en ligne disponibles<\/h2>\n    <div class=\"row\">\n                        <div class=\"col-sm-12 col-md-4 py-5 programm-finder-list\">\n    <a href=\"https:\/\/www.unicafuniversity.ac.zm\/programmes\/bachelor-of-medicine-and-bachelor-of-surgery-mb-chb\/\" target=\"_blank\">\n        <div class=\"mt-4\">\n            <span class=\"badge badge-custom l-green-bg p2-size green-txt bold text-uppercase\">MB ChB<\/span>\n            <h3 class=\"mt-3 bold black-txt\">Bachelor of Medicine and Bachelor of Surgery (MB ChB) <i class=\"fas fa-chevron-right arrow-pink-brd\"><\/i><\/h3>\n                                                    <p class=\"p2-size black-txt\"><span class=\"bold\">&#8211; <\/span> Unicaf University in Zambia<\/p>\n        <\/div>\n    <\/a>\n<\/div>                        <div class=\"col-sm-12 col-md-4 py-5 programm-finder-list\">\n    <a href=\"https:\/\/www.unicafuniversity.ac.mw\/programmes\/master-of-public-health-mph\/?utm_source=unicaf-website-uumw&#038;utm_medium=link&#038;utm_campaign=unicaf-website-uumw-link-partners-page-university-partner-programme-master-of-public-health\" target=\"_blank\">\n        <div class=\"mt-4\">\n            <span class=\"badge badge-custom l-green-bg p2-size green-txt bold text-uppercase\">MPH<\/span>\n            <h3 class=\"mt-3 bold black-txt\">Master of Public Health (MPH) <i class=\"fas fa-chevron-right arrow-pink-brd\"><\/i><\/h3>\n                                                    <p class=\"p2-size black-txt\"><span class=\"bold\">&#8211; <\/span> Unicaf University in Malawi<\/p>\n        <\/div>\n    <\/a>\n<\/div>                        <div class=\"col-sm-12 col-md-4 py-5 programm-finder-list\">\n    <a href=\"https:\/\/unicaf.uos.ac.uk\/programmes\/300\/ba-(hons)-business-management?utm_source=unicaf-website-uos&amp;utm_medium=link&amp;utm_campaign=unicaf-website-uos-link-partners-page-university-partner-programme-ba-hons-business-management\" target=\"_blank\">\n        <div class=\"mt-4\">\n            <span class=\"badge badge-custom l-green-bg p2-size green-txt bold text-uppercase\">BA<\/span>\n            <h3 class=\"mt-3 bold black-txt\">BA (Hons) Business Management (with Foundation Year) <i class=\"fas fa-chevron-right arrow-pink-brd\"><\/i><\/h3>\n                                                    <p class=\"p2-size black-txt\"><span class=\"bold\">&#8211; <\/span> University of Suffolk<\/p>\n        <\/div>\n    <\/a>\n<\/div>            <\/div>\n            <div class=\"row\">\n            <div class=\"col-sm-12 text-center\">\n                <a href=\"https:\/\/www.unicaf.org\/fr\/study\/programme-finder\/\" class=\"pink-btn-arrow text-uppercase\">\n                    <div>\n                        <span class=\"icon-container\"><i class=\"fas fa-chevron-right\"><\/i><\/span>\n                        <span class=\"text-container\">voir plus de programmes<\/span>\n                    <\/div>\n                <\/a>\n            <\/div>\n        <\/div>\n    <\/div>\n\n\n\n<p><\/p>\n","protected":false},"excerpt":{"rendered":"","protected":false},"author":5,"featured_media":11823,"parent":11840,"menu_order":60,"comment_status":"closed","ping_status":"closed","template":"page-with-header-and-form.php","meta":{"_acf_changed":false,"footnotes":""},"class_list":["post-11846","page","type-page","status-publish","has-post-thumbnail","hentry"],"acf":[],"yoast_head":"<!-- This site is optimized with the Yoast SEO Premium plugin v26.7 (Yoast SEO v26.7) - https:\/\/yoast.com\/wordpress\/plugins\/seo\/ -->\n<title>Exp\u00e9rience en ligne - Unicaf - Scholarship Programme<\/title>\n<meta name=\"robots\" content=\"index, follow, max-snippet:-1, max-image-preview:large, max-video-preview:-1\" \/>\n<link rel=\"canonical\" href=\"https:\/\/www.unicaf.org\/fr\/discover\/experience\/online-experience\/\" \/>\n<meta property=\"og:locale\" content=\"fr_FR\" \/>\n<meta property=\"og:type\" content=\"article\" \/>\n<meta property=\"og:title\" content=\"Exp\u00e9rience en ligne\" \/>\n<meta property=\"og:url\" content=\"https:\/\/www.unicaf.org\/fr\/discover\/experience\/online-experience\/\" \/>\n<meta property=\"og:site_name\" content=\"Unicaf - Scholarship Programme\" \/>\n<meta property=\"article:publisher\" content=\"https:\/\/www.facebook.com\/UNICAF\" \/>\n<meta property=\"article:modified_time\" content=\"2022-05-10T10:57:15+00:00\" \/>\n<meta property=\"og:image\" content=\"https:\/\/cdn.unicaf.org\/websites\/unicaf\/wp-content\/uploads\/2020\/09\/left_side.png\" \/>\n\t<meta property=\"og:image:width\" content=\"1170\" \/>\n\t<meta property=\"og:image:height\" content=\"544\" \/>\n\t<meta property=\"og:image:type\" content=\"image\/png\" \/>\n<meta name=\"twitter:card\" content=\"summary_large_image\" \/>\n<meta name=\"twitter:site\" content=\"@Unicaforg\" \/>\n<script type=\"application\/ld+json\" class=\"yoast-schema-graph\">{\"@context\":\"https:\/\/schema.org\",\"@graph\":[{\"@type\":\"WebPage\",\"@id\":\"https:\/\/www.unicaf.org\/fr\/discover\/experience\/online-experience\/\",\"url\":\"https:\/\/www.unicaf.org\/fr\/discover\/experience\/online-experience\/\",\"name\":\"Exp\u00e9rience en ligne - Unicaf - Scholarship Programme\",\"isPartOf\":{\"@id\":\"https:\/\/www.unicaf.org\/#website\"},\"primaryImageOfPage\":{\"@id\":\"https:\/\/www.unicaf.org\/fr\/discover\/experience\/online-experience\/#primaryimage\"},\"image\":{\"@id\":\"https:\/\/www.unicaf.org\/fr\/discover\/experience\/online-experience\/#primaryimage\"},\"thumbnailUrl\":\"https:\/\/cdn.unicaf.org\/websites\/unicaf\/wp-content\/uploads\/2020\/09\/left_side.png\",\"datePublished\":\"2020-10-15T05:58:13+00:00\",\"dateModified\":\"2022-05-10T10:57:15+00:00\",\"breadcrumb\":{\"@id\":\"https:\/\/www.unicaf.org\/fr\/discover\/experience\/online-experience\/#breadcrumb\"},\"inLanguage\":\"fr-FR\",\"potentialAction\":[{\"@type\":\"ReadAction\",\"target\":[\"https:\/\/www.unicaf.org\/fr\/discover\/experience\/online-experience\/\"]}]},{\"@type\":\"ImageObject\",\"inLanguage\":\"fr-FR\",\"@id\":\"https:\/\/www.unicaf.org\/fr\/discover\/experience\/online-experience\/#primaryimage\",\"url\":\"https:\/\/cdn.unicaf.org\/websites\/unicaf\/wp-content\/uploads\/2020\/09\/left_side.png\",\"contentUrl\":\"https:\/\/cdn.unicaf.org\/websites\/unicaf\/wp-content\/uploads\/2020\/09\/left_side.png\",\"width\":1170,\"height\":544,\"caption\":\"Image Caption\"},{\"@type\":\"BreadcrumbList\",\"@id\":\"https:\/\/www.unicaf.org\/fr\/discover\/experience\/online-experience\/#breadcrumb\",\"itemListElement\":[{\"@type\":\"ListItem\",\"position\":1,\"name\":\"D\u00e9couvrez\",\"item\":\"https:\/\/www.unicaf.org\/fr\/discover\/\"},{\"@type\":\"ListItem\",\"position\":2,\"name\":\"Exp\u00e9rience\",\"item\":\"https:\/\/www.unicaf.org\/fr\/?page_id=11840\"},{\"@type\":\"ListItem\",\"position\":3,\"name\":\"Exp\u00e9rience en ligne\"}]},{\"@type\":\"WebSite\",\"@id\":\"https:\/\/www.unicaf.org\/#website\",\"url\":\"https:\/\/www.unicaf.org\/\",\"name\":\"Unicaf - Scholarship Programme\",\"description\":\"Study Online Graduate On Campus\",\"publisher\":{\"@id\":\"https:\/\/www.unicaf.org\/#organization\"},\"potentialAction\":[{\"@type\":\"SearchAction\",\"target\":{\"@type\":\"EntryPoint\",\"urlTemplate\":\"https:\/\/www.unicaf.org\/?s={search_term_string}\"},\"query-input\":{\"@type\":\"PropertyValueSpecification\",\"valueRequired\":true,\"valueName\":\"search_term_string\"}}],\"inLanguage\":\"fr-FR\"},{\"@type\":\"Organization\",\"@id\":\"https:\/\/www.unicaf.org\/#organization\",\"name\":\"Unicaf\",\"url\":\"https:\/\/www.unicaf.org\/\",\"logo\":{\"@type\":\"ImageObject\",\"inLanguage\":\"fr-FR\",\"@id\":\"https:\/\/www.unicaf.org\/#\/schema\/logo\/image\/\",\"url\":\"https:\/\/cdn.unicaf.org\/websites\/unicaf\/wp-content\/uploads\/2021\/03\/Unicaf-logo.png\",\"contentUrl\":\"https:\/\/cdn.unicaf.org\/websites\/unicaf\/wp-content\/uploads\/2021\/03\/Unicaf-logo.png\",\"width\":270,\"height\":80,\"caption\":\"Unicaf\"},\"image\":{\"@id\":\"https:\/\/www.unicaf.org\/#\/schema\/logo\/image\/\"},\"sameAs\":[\"https:\/\/www.facebook.com\/UNICAF\",\"https:\/\/x.com\/Unicaforg\",\"https:\/\/www.instagram.com\/unicaf_online\",\"https:\/\/www.linkedin.com\/school\/5229637\/admin\/\",\"https:\/\/www.youtube.com\/c\/UnicafOrganization\",\"https:\/\/en.wikipedia.org\/wiki\/UNICAF\"]}]}<\/script>\n<!-- \/ Yoast SEO Premium plugin. -->","yoast_head_json":{"title":"Exp\u00e9rience en ligne - Unicaf - Scholarship Programme","robots":{"index":"index","follow":"follow","max-snippet":"max-snippet:-1","max-image-preview":"max-image-preview:large","max-video-preview":"max-video-preview:-1"},"canonical":"https:\/\/www.unicaf.org\/fr\/discover\/experience\/online-experience\/","og_locale":"fr_FR","og_type":"article","og_title":"Exp\u00e9rience en ligne","og_url":"https:\/\/www.unicaf.org\/fr\/discover\/experience\/online-experience\/","og_site_name":"Unicaf - Scholarship Programme","article_publisher":"https:\/\/www.facebook.com\/UNICAF","article_modified_time":"2022-05-10T10:57:15+00:00","og_image":[{"width":1170,"height":544,"url":"https:\/\/cdn.unicaf.org\/websites\/unicaf\/wp-content\/uploads\/2020\/09\/left_side.png","type":"image\/png"}],"twitter_card":"summary_large_image","twitter_site":"@Unicaforg","schema":{"@context":"https:\/\/schema.org","@graph":[{"@type":"WebPage","@id":"https:\/\/www.unicaf.org\/fr\/discover\/experience\/online-experience\/","url":"https:\/\/www.unicaf.org\/fr\/discover\/experience\/online-experience\/","name":"Exp\u00e9rience en ligne - Unicaf - Scholarship Programme","isPartOf":{"@id":"https:\/\/www.unicaf.org\/#website"},"primaryImageOfPage":{"@id":"https:\/\/www.unicaf.org\/fr\/discover\/experience\/online-experience\/#primaryimage"},"image":{"@id":"https:\/\/www.unicaf.org\/fr\/discover\/experience\/online-experience\/#primaryimage"},"thumbnailUrl":"https:\/\/cdn.unicaf.org\/websites\/unicaf\/wp-content\/uploads\/2020\/09\/left_side.png","datePublished":"2020-10-15T05:58:13+00:00","dateModified":"2022-05-10T10:57:15+00:00","breadcrumb":{"@id":"https:\/\/www.unicaf.org\/fr\/discover\/experience\/online-experience\/#breadcrumb"},"inLanguage":"fr-FR","potentialAction":[{"@type":"ReadAction","target":["https:\/\/www.unicaf.org\/fr\/discover\/experience\/online-experience\/"]}]},{"@type":"ImageObject","inLanguage":"fr-FR","@id":"https:\/\/www.unicaf.org\/fr\/discover\/experience\/online-experience\/#primaryimage","url":"https:\/\/cdn.unicaf.org\/websites\/unicaf\/wp-content\/uploads\/2020\/09\/left_side.png","contentUrl":"https:\/\/cdn.unicaf.org\/websites\/unicaf\/wp-content\/uploads\/2020\/09\/left_side.png","width":1170,"height":544,"caption":"Image Caption"},{"@type":"BreadcrumbList","@id":"https:\/\/www.unicaf.org\/fr\/discover\/experience\/online-experience\/#breadcrumb","itemListElement":[{"@type":"ListItem","position":1,"name":"D\u00e9couvrez","item":"https:\/\/www.unicaf.org\/fr\/discover\/"},{"@type":"ListItem","position":2,"name":"Exp\u00e9rience","item":"https:\/\/www.unicaf.org\/fr\/?page_id=11840"},{"@type":"ListItem","position":3,"name":"Exp\u00e9rience en ligne"}]},{"@type":"WebSite","@id":"https:\/\/www.unicaf.org\/#website","url":"https:\/\/www.unicaf.org\/","name":"Unicaf - Scholarship Programme","description":"Study Online Graduate On Campus","publisher":{"@id":"https:\/\/www.unicaf.org\/#organization"},"potentialAction":[{"@type":"SearchAction","target":{"@type":"EntryPoint","urlTemplate":"https:\/\/www.unicaf.org\/?s={search_term_string}"},"query-input":{"@type":"PropertyValueSpecification","valueRequired":true,"valueName":"search_term_string"}}],"inLanguage":"fr-FR"},{"@type":"Organization","@id":"https:\/\/www.unicaf.org\/#organization","name":"Unicaf","url":"https:\/\/www.unicaf.org\/","logo":{"@type":"ImageObject","inLanguage":"fr-FR","@id":"https:\/\/www.unicaf.org\/#\/schema\/logo\/image\/","url":"https:\/\/cdn.unicaf.org\/websites\/unicaf\/wp-content\/uploads\/2021\/03\/Unicaf-logo.png","contentUrl":"https:\/\/cdn.unicaf.org\/websites\/unicaf\/wp-content\/uploads\/2021\/03\/Unicaf-logo.png","width":270,"height":80,"caption":"Unicaf"},"image":{"@id":"https:\/\/www.unicaf.org\/#\/schema\/logo\/image\/"},"sameAs":["https:\/\/www.facebook.com\/UNICAF","https:\/\/x.com\/Unicaforg","https:\/\/www.instagram.com\/unicaf_online","https:\/\/www.linkedin.com\/school\/5229637\/admin\/","https:\/\/www.youtube.com\/c\/UnicafOrganization","https:\/\/en.wikipedia.org\/wiki\/UNICAF"]}]}},"_links":{"self":[{"href":"https:\/\/www.unicaf.org\/fr\/wp-json\/wp\/v2\/pages\/11846","targetHints":{"allow":["GET"]}}],"collection":[{"href":"https:\/\/www.unicaf.org\/fr\/wp-json\/wp\/v2\/pages"}],"about":[{"href":"https:\/\/www.unicaf.org\/fr\/wp-json\/wp\/v2\/types\/page"}],"author":[{"embeddable":true,"href":"https:\/\/www.unicaf.org\/fr\/wp-json\/wp\/v2\/users\/5"}],"replies":[{"embeddable":true,"href":"https:\/\/www.unicaf.org\/fr\/wp-json\/wp\/v2\/comments?post=11846"}],"version-history":[{"count":8,"href":"https:\/\/www.unicaf.org\/fr\/wp-json\/wp\/v2\/pages\/11846\/revisions"}],"predecessor-version":[{"id":15011,"href":"https:\/\/www.unicaf.org\/fr\/wp-json\/wp\/v2\/pages\/11846\/revisions\/15011"}],"up":[{"embeddable":true,"href":"https:\/\/www.unicaf.org\/fr\/wp-json\/wp\/v2\/pages\/11840"}],"wp:featuredmedia":[{"embeddable":true,"href":"https:\/\/www.unicaf.org\/fr\/wp-json\/wp\/v2\/media\/11823"}],"wp:attachment":[{"href":"https:\/\/www.unicaf.org\/fr\/wp-json\/wp\/v2\/media?parent=11846"}],"curies":[{"name":"wp","href":"https:\/\/api.w.org\/{rel}","templated":true}]}}