  {"id":11849,"date":"2020-10-15T05:59:02","date_gmt":"2020-10-15T05:59:02","guid":{"rendered":"https:\/\/www.unicaf.org\/discover\/experience\/on-campus-teaching\/"},"modified":"2022-05-10T13:57:18","modified_gmt":"2022-05-10T10:57:18","slug":"on-campus-teaching","status":"publish","type":"page","link":"https:\/\/www.unicaf.org\/fr\/discover\/experience\/on-campus-teaching\/","title":{"rendered":"Enseignement sur le campus"},"content":{"rendered":"<div class=\"container\" id=\"title-subtitle-content\">\n    <h1 class=\"bold\"><\/h1>\n    <p class=\"subtitle semi-bold\"> <\/p>\n    <div class=\"wysiwyg-editor-body\">\n        \n    <\/div>\n    <\/div>\n\n\n<div class=\"container wysiwyg-editor-body\"><h2 style=\"text-align: center;\"><span data-sheets-value=\"{&quot;1&quot;:2,&quot;2&quot;:&quot;Quels sont les avantages de l'enseignement sur le campus ?&quot;}\" data-sheets-userformat=\"{&quot;2&quot;:13057,&quot;3&quot;:{&quot;1&quot;:0},&quot;11&quot;:4,&quot;12&quot;:0,&quot;15&quot;:&quot;Arial&quot;,&quot;16&quot;:10}\">Quels sont les avantages de l&#8217;enseignement sur le campus ?<\/span><\/h2>\n<h3><\/h3>\n<h3 style=\"text-align: left;\"><span data-sheets-value=\"{&quot;1&quot;:2,&quot;2&quot;:&quot;Combiner le meilleur de l'enseignement en ligne et sur le campus pour les professionnels en activit\u00e9.&quot;}\" data-sheets-userformat=\"{&quot;2&quot;:15297,&quot;3&quot;:{&quot;1&quot;:0},&quot;9&quot;:0,&quot;10&quot;:0,&quot;11&quot;:4,&quot;12&quot;:0,&quot;14&quot;:{&quot;1&quot;:3,&quot;3&quot;:1},&quot;15&quot;:&quot;Arial&quot;,&quot;16&quot;:10}\">Combiner le meilleur de l&#8217;enseignement en ligne et sur le campus pour les professionnels en activit\u00e9<\/span><\/h3>\n<p><span data-sheets-value=\"{&quot;1&quot;:2,&quot;2&quot;:&quot;En tant qu'\u00e9tudiant sur le campus, vous pouvez assister aux conf\u00e9rences et aux cours sur l'un des campus de l'universit\u00e9 Unicaf, tout en b\u00e9n\u00e9ficiant des avantages de l'enseignement en ligne. Durant vos \u00e9tudes  sur le campus, vous pouvez interagir avec les professeurs et recevoir un encadrement et des conseils personnalis\u00e9s. Vous pouvez \u00e9galement utiliser les facilit\u00e9s pour faire vos devoirs dans le local informatique, vous connecter au Wi-Fi gratuit, vous inscrire \u00e0 des clubs d'\u00e9tudiants et participer \u00e0 des \u00e9v\u00e9nements r\u00e9guliers sur le campus, comme des conf\u00e9rences ouvertes sur des sujets d'actualit\u00e9 ou des ateliers gratuits sur le d\u00e9veloppement de comp\u00e9tences sp\u00e9cifiques. Les \u00e9tudiants sur le campus peuvent \u00e9galement se rencontrer et cr\u00e9er des contacts lors d'\u00e9v\u00e9nements \u00e9tudiants, comme des excursions dans des lieux int\u00e9ressants, des projections de films, des spectacles musicaux, des soir\u00e9es quiz, etc.&quot;}\" data-sheets-userformat=\"{&quot;2&quot;:15297,&quot;3&quot;:{&quot;1&quot;:0},&quot;9&quot;:0,&quot;10&quot;:0,&quot;11&quot;:4,&quot;12&quot;:0,&quot;14&quot;:{&quot;1&quot;:3,&quot;3&quot;:1},&quot;15&quot;:&quot;Arial&quot;,&quot;16&quot;:10}\">En tant qu&#8217;\u00e9tudiant sur le campus, vous pouvez assister aux conf\u00e9rences et aux cours sur l&#8217;un des campus de l&#8217;universit\u00e9 Unicaf, tout en b\u00e9n\u00e9ficiant des avantages de l&#8217;enseignement en ligne. Durant vos \u00e9tudes sur le campus, vous pouvez interagir avec les professeurs et recevoir un encadrement et des conseils personnalis\u00e9s. Vous pouvez \u00e9galement utiliser les facilit\u00e9s pour faire vos devoirs dans le local informatique, vous connecter au Wi-Fi gratuit, vous inscrire \u00e0 des clubs d&#8217;\u00e9tudiants et participer \u00e0 des \u00e9v\u00e9nements r\u00e9guliers sur le campus, comme des conf\u00e9rences ouvertes sur des sujets d&#8217;actualit\u00e9 ou des ateliers gratuits sur le d\u00e9veloppement de comp\u00e9tences sp\u00e9cifiques. Les \u00e9tudiants sur le campus peuvent \u00e9galement se rencontrer et cr\u00e9er des contacts lors d&#8217;\u00e9v\u00e9nements \u00e9tudiants, comme des excursions dans des lieux int\u00e9ressants, des projections de films, des spectacles musicaux, des soir\u00e9es quiz, etc.<\/span><\/p>\n<h3><span data-sheets-value=\"{&quot;1&quot;:2,&quot;2&quot;:&quot;Qui peut b\u00e9n\u00e9ficier de l'apprentissage sur le campus ?&quot;}\" data-sheets-userformat=\"{&quot;2&quot;:13057,&quot;3&quot;:{&quot;1&quot;:0},&quot;11&quot;:4,&quot;12&quot;:0,&quot;15&quot;:&quot;Arial&quot;,&quot;16&quot;:10}\">Qui peut b\u00e9n\u00e9ficier de l&#8217;apprentissage sur le campus ?<\/span><\/h3>\n<p><span data-sheets-value=\"{&quot;1&quot;:2,&quot;2&quot;:&quot;Toute personne ayant un emploi du temps charg\u00e9, qui aime b\u00e9n\u00e9ficier d'un soutien et d'un accompagnement en pr\u00e9sentiel dans ses \u00e9tudes, peut b\u00e9n\u00e9ficier du mod\u00e8le de formation flexible. Le mod\u00e8le am\u00e9lior\u00e9 de l'universit\u00e9 Unicaf, contrairement aux \u00e9tudes traditionnelles sur le campus, offre une grande flexibilit\u00e9 et une multitude d'avantages, permettant \u00e0 l'\u00e9tudiant un parcours d'apprentissage plus personnalis\u00e9, en fonction de ses horaires et de ses besoins.&quot;}\" data-sheets-userformat=\"{&quot;2&quot;:15297,&quot;3&quot;:{&quot;1&quot;:0},&quot;9&quot;:0,&quot;10&quot;:0,&quot;11&quot;:4,&quot;12&quot;:0,&quot;14&quot;:{&quot;1&quot;:3,&quot;3&quot;:1},&quot;15&quot;:&quot;Arial&quot;,&quot;16&quot;:10}\">Toute personne ayant un emploi du temps charg\u00e9, qui aime b\u00e9n\u00e9ficier d&#8217;un soutien et d&#8217;un accompagnement en pr\u00e9sentiel dans ses \u00e9tudes, peut b\u00e9n\u00e9ficier du mod\u00e8le de formation flexible. Le mod\u00e8le am\u00e9lior\u00e9 de l&#8217;universit\u00e9 Unicaf, contrairement aux \u00e9tudes traditionnelles sur le campus, offre une grande flexibilit\u00e9 et une multitude d&#8217;avantages, permettant \u00e0 l&#8217;\u00e9tudiant un parcours d&#8217;apprentissage plus personnalis\u00e9, en fonction de ses horaires et de ses besoins.<\/span><\/p>\n<h3><span data-sheets-value=\"{&quot;1&quot;:2,&quot;2&quot;:&quot;Avantages suppl\u00e9mentaires :&quot;}\" data-sheets-userformat=\"{&quot;2&quot;:14913,&quot;3&quot;:{&quot;1&quot;:0},&quot;9&quot;:0,&quot;12&quot;:0,&quot;14&quot;:{&quot;1&quot;:3,&quot;3&quot;:1},&quot;15&quot;:&quot;Arial&quot;,&quot;16&quot;:10}\">Avantages suppl\u00e9mentaires :<\/span><\/h3>\n<ul>\n<li style=\"font-weight: 400;\" aria-level=\"1\"><span data-sheets-value=\"{&quot;1&quot;:2,&quot;2&quot;:&quot; Flexibilit\u00e9 pour \u00e9tudier o\u00f9 et quand vous le voulez. &quot;}\" data-sheets-userformat=\"{&quot;2&quot;:14913,&quot;3&quot;:{&quot;1&quot;:0},&quot;9&quot;:0,&quot;12&quot;:0,&quot;14&quot;:{&quot;1&quot;:3,&quot;3&quot;:1},&quot;15&quot;:&quot;Arial&quot;,&quot;16&quot;:10}\"> Flexibilit\u00e9 pour \u00e9tudier o\u00f9 et quand vous le voulez<\/span><\/li>\n<li style=\"font-weight: 400;\" aria-level=\"1\"><span data-sheets-value=\"{&quot;1&quot;:2,&quot;2&quot;:&quot;Acc\u00e8s \u00e0 votre mat\u00e9riel d'\u00e9tude 24h\/7j&quot;}\" data-sheets-userformat=\"{&quot;2&quot;:14913,&quot;3&quot;:{&quot;1&quot;:0},&quot;9&quot;:0,&quot;12&quot;:0,&quot;14&quot;:{&quot;1&quot;:3,&quot;3&quot;:1},&quot;15&quot;:&quot;Arial&quot;,&quot;16&quot;:10}\">Acc\u00e8s \u00e0 votre mat\u00e9riel d&#8217;\u00e9tude 24h\/7j<\/span><\/li>\n<li style=\"font-weight: 400;\" aria-level=\"1\"><span data-sheets-value=\"{&quot;1&quot;:2,&quot;2&quot;:&quot;Interaction avec d'autres professionnels et tuteurs du monde entier.&quot;}\" data-sheets-userformat=\"{&quot;2&quot;:14913,&quot;3&quot;:{&quot;1&quot;:0},&quot;9&quot;:0,&quot;12&quot;:0,&quot;14&quot;:{&quot;1&quot;:3,&quot;3&quot;:1},&quot;15&quot;:&quot;Arial&quot;,&quot;16&quot;:10}\">Interaction avec d&#8217;autres professionnels et tuteurs du monde entier<\/span><\/li>\n<li style=\"font-weight: 400;\" aria-level=\"1\"><span data-sheets-value=\"{&quot;1&quot;:2,&quot;2&quot;:&quot;Am\u00e9lioration de l'apprentissage gr\u00e2ce \u00e0 des outils innovants utilis\u00e9s par les tuteurs dans l'environnement d'apprentissage virtuel (EAV).&quot;}\" data-sheets-userformat=\"{&quot;2&quot;:15297,&quot;3&quot;:{&quot;1&quot;:0},&quot;9&quot;:0,&quot;10&quot;:0,&quot;11&quot;:4,&quot;12&quot;:0,&quot;14&quot;:{&quot;1&quot;:3,&quot;3&quot;:1},&quot;15&quot;:&quot;Arial&quot;,&quot;16&quot;:10}\">Am\u00e9lioration de l&#8217;apprentissage gr\u00e2ce \u00e0 des outils innovants utilis\u00e9s par les tuteurs dans l&#8217;environnement d&#8217;apprentissage virtuel (EAV)<\/span><\/li>\n<li style=\"font-weight: 400;\" aria-level=\"1\"><span data-sheets-value=\"{&quot;1&quot;:2,&quot;2&quot;:&quot;Possibilit\u00e9 de passer facilement \u00e0 des \u00e9tudes enti\u00e8rement en ligne si des circonstances ext\u00e9rieures rendent difficile la participation aux cours sur le campus.&quot;}\" data-sheets-userformat=\"{&quot;2&quot;:15297,&quot;3&quot;:{&quot;1&quot;:0},&quot;9&quot;:0,&quot;10&quot;:0,&quot;11&quot;:4,&quot;12&quot;:0,&quot;14&quot;:{&quot;1&quot;:3,&quot;3&quot;:1},&quot;15&quot;:&quot;Arial&quot;,&quot;16&quot;:10}\">Possibilit\u00e9 de passer facilement \u00e0 des \u00e9tudes enti\u00e8rement en ligne si des circonstances ext\u00e9rieures rendent difficile la participation aux cours sur le campus<\/span><\/li>\n<\/ul>\n<p>Pour en savoir plus sur l&#8217;apprentissage en ligne, <a href=\"https:\/\/www.unicaf.org\/fr\/discover\/experience\/online-experience\/\">cliquez ici<\/a>.<\/p>\n<\/div>\n\n<div class=\"d-flex position-relative align-items-center justify-content-center rounded simple-video mb-2 mb-lg-3\">\n    <img loading=\"lazy\" decoding=\"async\" width=\"768\" height=\"351\" src=\"https:\/\/cdn.unicaf.org\/websites\/unicaf\/wp-content\/uploads\/2021\/07\/student-activities-768x351.jpg\" class=\"video-image img-fluid\" alt=\"\" srcset=\"https:\/\/cdn.unicaf.org\/websites\/unicaf\/wp-content\/uploads\/2021\/07\/student-activities-300x137.jpg 300w, https:\/\/cdn.unicaf.org\/websites\/unicaf\/wp-content\/uploads\/2021\/07\/student-activities-1024x469.jpg 1024w, https:\/\/cdn.unicaf.org\/websites\/unicaf\/wp-content\/uploads\/2021\/07\/student-activities-768x351.jpg 768w, https:\/\/cdn.unicaf.org\/websites\/unicaf\/wp-content\/uploads\/2021\/07\/student-activities-1536x703.jpg 1536w, https:\/\/cdn.unicaf.org\/websites\/unicaf\/wp-content\/uploads\/2021\/07\/student-activities.jpg 1805w\" sizes=\"auto, (max-width: 768px) 100vw, 768px\" \/>\n    <a href=\"https:\/\/www.youtube.com\/watch?v=1aJPr-YRksQ\" data-video-id=\"1aJPr-YRksQ\" class=\"rounded-circle position-absolute play-btn\"\n    onclick=\"event.preventDefault();return play_video_in_modal(this);\"><i class=\"fas fa-play\"><\/i><\/a>\n<\/div>\n\n<div class=\"container pb-5\">\n    <h2 class=\"bold\">Programmes disponibles<\/h2>\n    <div class=\"row\">\n                        <div class=\"col-sm-12 col-md-4 py-5 programm-finder-list\">\n    <a href=\"https:\/\/www.unicafuniversity.ac.zm\/programmes\/bachelor-of-medicine-and-bachelor-of-surgery-mb-chb\/\" target=\"_blank\">\n        <div class=\"mt-4\">\n            <span class=\"badge badge-custom l-green-bg p2-size green-txt bold text-uppercase\">MB ChB<\/span>\n            <h3 class=\"mt-3 bold black-txt\">Bachelor of Medicine and Bachelor of Surgery (MB ChB) <i class=\"fas fa-chevron-right arrow-pink-brd\"><\/i><\/h3>\n                                                    <p class=\"p2-size black-txt\"><span class=\"bold\">&#8211; <\/span> Unicaf University in Zambia<\/p>\n        <\/div>\n    <\/a>\n<\/div>                        <div class=\"col-sm-12 col-md-4 py-5 programm-finder-list\">\n    <a href=\"https:\/\/www.unicafuniversity.ac.mw\/programmes\/master-of-public-health-mph\/?utm_source=unicaf-website-uumw&#038;utm_medium=link&#038;utm_campaign=unicaf-website-uumw-link-partners-page-university-partner-programme-master-of-public-health\" target=\"_blank\">\n        <div class=\"mt-4\">\n            <span class=\"badge badge-custom l-green-bg p2-size green-txt bold text-uppercase\">MPH<\/span>\n            <h3 class=\"mt-3 bold black-txt\">Master of Public Health (MPH) <i class=\"fas fa-chevron-right arrow-pink-brd\"><\/i><\/h3>\n                                                    <p class=\"p2-size black-txt\"><span class=\"bold\">&#8211; <\/span> Unicaf University in Malawi<\/p>\n        <\/div>\n    <\/a>\n<\/div>                        <div class=\"col-sm-12 col-md-4 py-5 programm-finder-list\">\n    <a href=\"https:\/\/unicaf.uos.ac.uk\/programmes\/300\/ba-(hons)-business-management?utm_source=unicaf-website-uos&amp;utm_medium=link&amp;utm_campaign=unicaf-website-uos-link-partners-page-university-partner-programme-ba-hons-business-management\" target=\"_blank\">\n        <div class=\"mt-4\">\n            <span class=\"badge badge-custom l-green-bg p2-size green-txt bold text-uppercase\">BA<\/span>\n            <h3 class=\"mt-3 bold black-txt\">BA (Hons) Business Management (with Foundation Year) <i class=\"fas fa-chevron-right arrow-pink-brd\"><\/i><\/h3>\n                                                    <p class=\"p2-size black-txt\"><span class=\"bold\">&#8211; <\/span> University of Suffolk<\/p>\n        <\/div>\n    <\/a>\n<\/div>            <\/div>\n            <div class=\"row\">\n            <div class=\"col-sm-12 text-center\">\n                <a href=\"https:\/\/www.unicaf.org\/study\/programme-finder\/\" class=\"pink-btn-arrow text-uppercase\">\n                    <div>\n                        <span class=\"icon-container\"><i class=\"fas fa-chevron-right\"><\/i><\/span>\n                        <span class=\"text-container\">Programmes disponibles<\/span>\n                    <\/div>\n                <\/a>\n            <\/div>\n        <\/div>\n    <\/div>\n","protected":false},"excerpt":{"rendered":"","protected":false},"author":5,"featured_media":11850,"parent":11840,"menu_order":62,"comment_status":"closed","ping_status":"closed","template":"page-with-header-and-form.php","meta":{"_acf_changed":false,"footnotes":""},"class_list":["post-11849","page","type-page","status-publish","has-post-thumbnail","hentry"],"acf":[],"yoast_head":"<!-- This site is optimized with the Yoast SEO Premium plugin v26.7 (Yoast SEO v26.7) - https:\/\/yoast.com\/wordpress\/plugins\/seo\/ -->\n<title>Discover on-campus teaching with Unicaf University<\/title>\n<meta name=\"robots\" content=\"index, follow, max-snippet:-1, max-image-preview:large, max-video-preview:-1\" \/>\n<link rel=\"canonical\" href=\"https:\/\/www.unicaf.org\/fr\/discover\/experience\/on-campus-teaching\/\" \/>\n<meta property=\"og:locale\" content=\"fr_FR\" \/>\n<meta property=\"og:type\" content=\"article\" \/>\n<meta property=\"og:title\" content=\"Enseignement sur le campus\" \/>\n<meta property=\"og:url\" content=\"https:\/\/www.unicaf.org\/fr\/discover\/experience\/on-campus-teaching\/\" \/>\n<meta property=\"og:site_name\" content=\"Unicaf - Scholarship Programme\" \/>\n<meta property=\"article:publisher\" content=\"https:\/\/www.facebook.com\/UNICAF\" \/>\n<meta property=\"article:modified_time\" content=\"2022-05-10T10:57:18+00:00\" \/>\n<meta property=\"og:image\" content=\"https:\/\/cdn.unicaf.org\/websites\/unicaf\/wp-content\/uploads\/2020\/09\/right_side.png\" \/>\n\t<meta property=\"og:image:width\" content=\"1170\" \/>\n\t<meta property=\"og:image:height\" content=\"544\" \/>\n\t<meta property=\"og:image:type\" content=\"image\/png\" \/>\n<meta name=\"twitter:card\" content=\"summary_large_image\" \/>\n<meta name=\"twitter:site\" content=\"@Unicaforg\" \/>\n<script type=\"application\/ld+json\" class=\"yoast-schema-graph\">{\"@context\":\"https:\/\/schema.org\",\"@graph\":[{\"@type\":\"WebPage\",\"@id\":\"https:\/\/www.unicaf.org\/fr\/discover\/experience\/on-campus-teaching\/\",\"url\":\"https:\/\/www.unicaf.org\/fr\/discover\/experience\/on-campus-teaching\/\",\"name\":\"Discover on-campus teaching with Unicaf University\",\"isPartOf\":{\"@id\":\"https:\/\/www.unicaf.org\/#website\"},\"primaryImageOfPage\":{\"@id\":\"https:\/\/www.unicaf.org\/fr\/discover\/experience\/on-campus-teaching\/#primaryimage\"},\"image\":{\"@id\":\"https:\/\/www.unicaf.org\/fr\/discover\/experience\/on-campus-teaching\/#primaryimage\"},\"thumbnailUrl\":\"https:\/\/cdn.unicaf.org\/websites\/unicaf\/wp-content\/uploads\/2020\/09\/right_side.png\",\"datePublished\":\"2020-10-15T05:59:02+00:00\",\"dateModified\":\"2022-05-10T10:57:18+00:00\",\"breadcrumb\":{\"@id\":\"https:\/\/www.unicaf.org\/fr\/discover\/experience\/on-campus-teaching\/#breadcrumb\"},\"inLanguage\":\"fr-FR\",\"potentialAction\":[{\"@type\":\"ReadAction\",\"target\":[\"https:\/\/www.unicaf.org\/fr\/discover\/experience\/on-campus-teaching\/\"]}]},{\"@type\":\"ImageObject\",\"inLanguage\":\"fr-FR\",\"@id\":\"https:\/\/www.unicaf.org\/fr\/discover\/experience\/on-campus-teaching\/#primaryimage\",\"url\":\"https:\/\/cdn.unicaf.org\/websites\/unicaf\/wp-content\/uploads\/2020\/09\/right_side.png\",\"contentUrl\":\"https:\/\/cdn.unicaf.org\/websites\/unicaf\/wp-content\/uploads\/2020\/09\/right_side.png\",\"width\":1170,\"height\":544,\"caption\":\"Image Caption\"},{\"@type\":\"BreadcrumbList\",\"@id\":\"https:\/\/www.unicaf.org\/fr\/discover\/experience\/on-campus-teaching\/#breadcrumb\",\"itemListElement\":[{\"@type\":\"ListItem\",\"position\":1,\"name\":\"D\u00e9couvrez\",\"item\":\"https:\/\/www.unicaf.org\/fr\/discover\/\"},{\"@type\":\"ListItem\",\"position\":2,\"name\":\"Exp\u00e9rience\",\"item\":\"https:\/\/www.unicaf.org\/fr\/?page_id=11840\"},{\"@type\":\"ListItem\",\"position\":3,\"name\":\"Enseignement sur le campus\"}]},{\"@type\":\"WebSite\",\"@id\":\"https:\/\/www.unicaf.org\/#website\",\"url\":\"https:\/\/www.unicaf.org\/\",\"name\":\"Unicaf - Scholarship Programme\",\"description\":\"Study Online Graduate On Campus\",\"publisher\":{\"@id\":\"https:\/\/www.unicaf.org\/#organization\"},\"potentialAction\":[{\"@type\":\"SearchAction\",\"target\":{\"@type\":\"EntryPoint\",\"urlTemplate\":\"https:\/\/www.unicaf.org\/?s={search_term_string}\"},\"query-input\":{\"@type\":\"PropertyValueSpecification\",\"valueRequired\":true,\"valueName\":\"search_term_string\"}}],\"inLanguage\":\"fr-FR\"},{\"@type\":\"Organization\",\"@id\":\"https:\/\/www.unicaf.org\/#organization\",\"name\":\"Unicaf\",\"url\":\"https:\/\/www.unicaf.org\/\",\"logo\":{\"@type\":\"ImageObject\",\"inLanguage\":\"fr-FR\",\"@id\":\"https:\/\/www.unicaf.org\/#\/schema\/logo\/image\/\",\"url\":\"https:\/\/cdn.unicaf.org\/websites\/unicaf\/wp-content\/uploads\/2021\/03\/Unicaf-logo.png\",\"contentUrl\":\"https:\/\/cdn.unicaf.org\/websites\/unicaf\/wp-content\/uploads\/2021\/03\/Unicaf-logo.png\",\"width\":270,\"height\":80,\"caption\":\"Unicaf\"},\"image\":{\"@id\":\"https:\/\/www.unicaf.org\/#\/schema\/logo\/image\/\"},\"sameAs\":[\"https:\/\/www.facebook.com\/UNICAF\",\"https:\/\/x.com\/Unicaforg\",\"https:\/\/www.instagram.com\/unicaf_online\",\"https:\/\/www.linkedin.com\/school\/5229637\/admin\/\",\"https:\/\/www.youtube.com\/c\/UnicafOrganization\",\"https:\/\/en.wikipedia.org\/wiki\/UNICAF\"]}]}<\/script>\n<!-- \/ Yoast SEO Premium plugin. -->","yoast_head_json":{"title":"Discover on-campus teaching with Unicaf University","robots":{"index":"index","follow":"follow","max-snippet":"max-snippet:-1","max-image-preview":"max-image-preview:large","max-video-preview":"max-video-preview:-1"},"canonical":"https:\/\/www.unicaf.org\/fr\/discover\/experience\/on-campus-teaching\/","og_locale":"fr_FR","og_type":"article","og_title":"Enseignement sur le campus","og_url":"https:\/\/www.unicaf.org\/fr\/discover\/experience\/on-campus-teaching\/","og_site_name":"Unicaf - Scholarship Programme","article_publisher":"https:\/\/www.facebook.com\/UNICAF","article_modified_time":"2022-05-10T10:57:18+00:00","og_image":[{"width":1170,"height":544,"url":"https:\/\/cdn.unicaf.org\/websites\/unicaf\/wp-content\/uploads\/2020\/09\/right_side.png","type":"image\/png"}],"twitter_card":"summary_large_image","twitter_site":"@Unicaforg","schema":{"@context":"https:\/\/schema.org","@graph":[{"@type":"WebPage","@id":"https:\/\/www.unicaf.org\/fr\/discover\/experience\/on-campus-teaching\/","url":"https:\/\/www.unicaf.org\/fr\/discover\/experience\/on-campus-teaching\/","name":"Discover on-campus teaching with Unicaf University","isPartOf":{"@id":"https:\/\/www.unicaf.org\/#website"},"primaryImageOfPage":{"@id":"https:\/\/www.unicaf.org\/fr\/discover\/experience\/on-campus-teaching\/#primaryimage"},"image":{"@id":"https:\/\/www.unicaf.org\/fr\/discover\/experience\/on-campus-teaching\/#primaryimage"},"thumbnailUrl":"https:\/\/cdn.unicaf.org\/websites\/unicaf\/wp-content\/uploads\/2020\/09\/right_side.png","datePublished":"2020-10-15T05:59:02+00:00","dateModified":"2022-05-10T10:57:18+00:00","breadcrumb":{"@id":"https:\/\/www.unicaf.org\/fr\/discover\/experience\/on-campus-teaching\/#breadcrumb"},"inLanguage":"fr-FR","potentialAction":[{"@type":"ReadAction","target":["https:\/\/www.unicaf.org\/fr\/discover\/experience\/on-campus-teaching\/"]}]},{"@type":"ImageObject","inLanguage":"fr-FR","@id":"https:\/\/www.unicaf.org\/fr\/discover\/experience\/on-campus-teaching\/#primaryimage","url":"https:\/\/cdn.unicaf.org\/websites\/unicaf\/wp-content\/uploads\/2020\/09\/right_side.png","contentUrl":"https:\/\/cdn.unicaf.org\/websites\/unicaf\/wp-content\/uploads\/2020\/09\/right_side.png","width":1170,"height":544,"caption":"Image Caption"},{"@type":"BreadcrumbList","@id":"https:\/\/www.unicaf.org\/fr\/discover\/experience\/on-campus-teaching\/#breadcrumb","itemListElement":[{"@type":"ListItem","position":1,"name":"D\u00e9couvrez","item":"https:\/\/www.unicaf.org\/fr\/discover\/"},{"@type":"ListItem","position":2,"name":"Exp\u00e9rience","item":"https:\/\/www.unicaf.org\/fr\/?page_id=11840"},{"@type":"ListItem","position":3,"name":"Enseignement sur le campus"}]},{"@type":"WebSite","@id":"https:\/\/www.unicaf.org\/#website","url":"https:\/\/www.unicaf.org\/","name":"Unicaf - Scholarship Programme","description":"Study Online Graduate On Campus","publisher":{"@id":"https:\/\/www.unicaf.org\/#organization"},"potentialAction":[{"@type":"SearchAction","target":{"@type":"EntryPoint","urlTemplate":"https:\/\/www.unicaf.org\/?s={search_term_string}"},"query-input":{"@type":"PropertyValueSpecification","valueRequired":true,"valueName":"search_term_string"}}],"inLanguage":"fr-FR"},{"@type":"Organization","@id":"https:\/\/www.unicaf.org\/#organization","name":"Unicaf","url":"https:\/\/www.unicaf.org\/","logo":{"@type":"ImageObject","inLanguage":"fr-FR","@id":"https:\/\/www.unicaf.org\/#\/schema\/logo\/image\/","url":"https:\/\/cdn.unicaf.org\/websites\/unicaf\/wp-content\/uploads\/2021\/03\/Unicaf-logo.png","contentUrl":"https:\/\/cdn.unicaf.org\/websites\/unicaf\/wp-content\/uploads\/2021\/03\/Unicaf-logo.png","width":270,"height":80,"caption":"Unicaf"},"image":{"@id":"https:\/\/www.unicaf.org\/#\/schema\/logo\/image\/"},"sameAs":["https:\/\/www.facebook.com\/UNICAF","https:\/\/x.com\/Unicaforg","https:\/\/www.instagram.com\/unicaf_online","https:\/\/www.linkedin.com\/school\/5229637\/admin\/","https:\/\/www.youtube.com\/c\/UnicafOrganization","https:\/\/en.wikipedia.org\/wiki\/UNICAF"]}]}},"_links":{"self":[{"href":"https:\/\/www.unicaf.org\/fr\/wp-json\/wp\/v2\/pages\/11849","targetHints":{"allow":["GET"]}}],"collection":[{"href":"https:\/\/www.unicaf.org\/fr\/wp-json\/wp\/v2\/pages"}],"about":[{"href":"https:\/\/www.unicaf.org\/fr\/wp-json\/wp\/v2\/types\/page"}],"author":[{"embeddable":true,"href":"https:\/\/www.unicaf.org\/fr\/wp-json\/wp\/v2\/users\/5"}],"replies":[{"embeddable":true,"href":"https:\/\/www.unicaf.org\/fr\/wp-json\/wp\/v2\/comments?post=11849"}],"version-history":[{"count":11,"href":"https:\/\/www.unicaf.org\/fr\/wp-json\/wp\/v2\/pages\/11849\/revisions"}],"predecessor-version":[{"id":15013,"href":"https:\/\/www.unicaf.org\/fr\/wp-json\/wp\/v2\/pages\/11849\/revisions\/15013"}],"up":[{"embeddable":true,"href":"https:\/\/www.unicaf.org\/fr\/wp-json\/wp\/v2\/pages\/11840"}],"wp:featuredmedia":[{"embeddable":true,"href":"https:\/\/www.unicaf.org\/fr\/wp-json\/wp\/v2\/media\/11850"}],"wp:attachment":[{"href":"https:\/\/www.unicaf.org\/fr\/wp-json\/wp\/v2\/media?parent=11849"}],"curies":[{"name":"wp","href":"https:\/\/api.w.org\/{rel}","templated":true}]}}