  {"id":11943,"date":"2021-07-26T13:16:11","date_gmt":"2021-07-26T10:16:11","guid":{"rendered":"https:\/\/www.unicaf.org\/recording-policy\/"},"modified":"2021-10-22T08:56:07","modified_gmt":"2021-10-22T05:56:07","slug":"recording-policy","status":"publish","type":"page","link":"https:\/\/www.unicaf.org\/fr\/recording-policy\/","title":{"rendered":"Politique d&#8217;enregistrement d&#8217;Unicaf et de l&#8217;universit\u00e9 Unicaf"},"content":{"rendered":"\n<p>Politique d&#8217;enregistrement d&#8217;Unicaf et de l&#8217;universit\u00e9 Unicaf<\/p>\n\n\n\n<p><strong>1. R\u00e9sum\u00e9 &#8211; Introduction<\/strong><\/p>\n\n\n\n<p>\u00abUNICAF\u00bb et \u00abl&#8217;universit\u00e9 UNICAF\u00bb exploitent un syst\u00e8me t\u00e9l\u00e9phonique capable d&#8217;enregistrer les conversations. Comme beaucoup d&#8217;autres organisations qui exploitent des centres d&#8217;appels, il s&#8217;agit d&#8217;une pratique standard o\u00f9 les appels t\u00e9l\u00e9phoniques et\/ou les conversations en direct sont enregistr\u00e9s pour des raisons de contr\u00f4le de la qualit\u00e9, de formation, de conformit\u00e9 et de sauvegarde. Les conversations et\/ou appels par chat en direct, entrants ou sortants, dans le d\u00e9partement du centre d&#8217;appels et\/ou de l&#8217;assistance aux \u00e9tudiants peuvent \u00eatre enregistr\u00e9s et seront conserv\u00e9s et\/ou collect\u00e9s conform\u00e9ment \u00e0 notre politique de conservation des donn\u00e9es et \u00e0 notre politique de protection des donn\u00e9es. L&#8217;utilisation de ces enregistrements est strictement limit\u00e9e aux fins sp\u00e9cifi\u00e9es dans la pr\u00e9sente politique.<\/p>\n\n\n\n<p>L&#8217;enregistrement du chat ainsi que l&#8217;installation et\/ou le syst\u00e8me et\/ou le logiciel d&#8217;enregistrement des appels sont automatis\u00e9s et prennent en charge les appels sortants et\/ou entrants du centre d&#8217;appel et du service d&#8217;assistance aux \u00e9tudiants \u00abUNICAF\u00bb. Cette politique pr\u00e9cise que si un appel est transf\u00e9r\u00e9 \u00e0 un d\u00e9partement qui n&#8217;a pas de syst\u00e8me et\/ou de logiciel d&#8217;enregistrement des appels sur sa ligne, cela signifie que l&#8217;enregistrement cessera d&#8217;agir une fois l&#8217;appel transf\u00e9r\u00e9 avec succ\u00e8s. De m\u00eame, si un appel arrive ou r\u00e9sulte d&#8217;une ligne non enregistr\u00e9e et qu&#8217;il est ensuite transf\u00e9r\u00e9 vers une ligne \u00e9quip\u00e9e d&#8217;un syst\u00e8me et\/ou d&#8217;un logiciel d&#8217;enregistrement, le membre du personnel doit informer l&#8217;appelant que son appel sera enregistr\u00e9.<\/p>\n\n\n\n<p>Tous les employ\u00e9s travaillant dans le centre d&#8217;appels et le service d&#8217;assistance aux \u00e9tudiants sont responsables de la conformit\u00e9 \u00e0 cette politique.<\/p>\n\n\n\n<p>UNICAF et l&#8217;universit\u00e9 UNICAF ont pour objectif de maintenir des normes \u00e9lev\u00e9es et de prot\u00e9ger le public et le personnel. Dans le cadre de ce qui pr\u00e9c\u00e8de, nous avons besoin d&#8217;enregistrer les appels t\u00e9l\u00e9phoniques, entrants ou sortants, dans et\/ou du Call Center et du D\u00e9partement d&#8217;Assistance aux Etudiants, ainsi que les conversations live chat, et de les conserver pendant une p\u00e9riode limit\u00e9e.<\/p>\n\n\n\n<p>UNICAF et l&#8217;Universit\u00e9 UNICAF veillent \u00e0 ce que l&#8217;utilisation de ces enregistrements soit \u00e9quitable et conforme \u00e0 toutes les exigences de la l\u00e9gislation en vigueur. Ceci inclut :<\/p>\n\n\n\n<p>a. La loi de 2018 sur la protection des personnes physiques contre le traitement des donn\u00e9es \u00e0 caract\u00e8re personnel et la libre circulation de ces donn\u00e9es (l\u00e9gislation chypriote).<br>b. Le r\u00e8glement g\u00e9n\u00e9ral europ\u00e9en sur la protection des donn\u00e9es (RGPD) ;<br>c. La Convention europ\u00e9enne des droits de l&#8217;homme ;<br>d. La Constitution de la R\u00e9publique de Chypre.<\/p>\n\n\n\n<p><strong>2. Port\u00e9e de la pr\u00e9sente politique<\/strong><\/p>\n\n\n\n<p>Toutes les conversations de chat en direct, ainsi que tous les appels, entrants et\/ou sortants, \u00e0 destination et\/ou en provenance du centre d&#8217;appels et\/ou du service d&#8217;assistance aux \u00e9tudiants, peuvent \u00eatre enregistr\u00e9s. Dans des circonstances normales, un appel ne sera pas r\u00e9cup\u00e9r\u00e9 ou surveill\u00e9 sauf si :<\/p>\n\n\n\n<p>a. Il est n\u00e9cessaire d&#8217;enqu\u00eater sur une plainte ;<br>b. Cela fait partie d&#8217;un contr\u00f4le ponctuel de la direction pour v\u00e9rifier que nos normes sont respect\u00e9es ;<br>c. Elle permet de garantir le respect des normes de qualit\u00e9 et des politiques UNICAF et de l&#8217;universit\u00e9 UNICAF.<br>d. Il existe une menace pour la sant\u00e9 et la s\u00e9curit\u00e9 du personnel et\/ou des visiteurs et\/ou pour la pr\u00e9vention et\/ou la d\u00e9tection d&#8217;un crime ;<br>e. Il est n\u00e9cessaire de v\u00e9rifier le respect des proc\u00e9dures r\u00e9glementaires ; ou<br>f. Il contribuera aux normes de traitement des appels en \u00e9tant utilis\u00e9 pour la formation et l&#8217;entra\u00eenement de notre personnel.<br>g. Il est n\u00e9cessaire \u00e0 des fins de sauvegarde.<br>h. Il s&#8217;agit d&#8217;aider \u00e0 prot\u00e9ger les officiers et\/ou les employ\u00e9s contre les appels abusifs ou nuisibles ;<\/p>\n\n\n\n<p><strong>3. Collecte des donn\u00e9es<\/strong><\/p>\n\n\n\n<p>Les donn\u00e9es personnelles collect\u00e9es dans le cadre des activit\u00e9s d&#8217;enregistrement seront trait\u00e9es de mani\u00e8re loyale et licite conform\u00e9ment \u00e0 loi actuelle de 2018 sur la \u00ab Protection des personnes physiques contre le traitement des donn\u00e9es personnelles et la libre circulation de ces donn\u00e9es&#8221; et le R\u00e8glement g\u00e9n\u00e9ral europ\u00e9en sur la protection des donn\u00e9es. . Les donn\u00e9es collect\u00e9es doivent \u00eatre\u00a0:<\/p>\n\n\n\n<p>a. Ad\u00e9quates, pertinentes et non excessives<br>b. Utilis\u00e9es uniquement dans le(s) but(s) \u00e9nonc\u00e9(s) dans cette politique et non utilis\u00e9s \u00e0 d&#8217;autres fins ;<br>c. Accessibles uniquement au personnel d&#8217;encadrement et\/ou de direction et sous r\u00e9serve de l&#8217;autorisation du chef des d\u00e9partements concern\u00e9s et\/ou du d\u00e9l\u00e9gu\u00e9 \u00e0 la protection des donn\u00e9es et\/ou du directeur g\u00e9n\u00e9ral ;<br>d. Trait\u00e9es et g\u00e9r\u00e9es de mani\u00e8re confidentielle ;<br>e. Conserv\u00e9es et\/ou stock\u00e9es en toute s\u00e9curit\u00e9 ; et<br>f. Ne sont pas conserv\u00e9es plus longtemps que n\u00e9cessaire et seront d\u00e9truites de mani\u00e8re s\u00e9curis\u00e9e une fois que le ou les probl\u00e8mes en question auront \u00e9t\u00e9 r\u00e9solus.<\/p>\n\n\n\n<p><strong>4. Informer les appelants que les appels seront surveill\u00e9s\/enregistr\u00e9s.<\/strong><\/p>\n\n\n\n<p>Lorsqu&#8217;un appel sera transf\u00e9r\u00e9 d&#8217;une ligne sans enregistrement \u00e0 une ligne o\u00f9 des installations et\/ou des m\u00e9canismes et\/ou des logiciels d&#8217;enregistrement sont utilis\u00e9s, nous informerons l&#8217;appelant et\/ou le destinataire de l&#8217;appel que l&#8217;appel sera surveill\u00e9\/enregistr\u00e9 \u00e0 des fins de qualit\u00e9\/formation, afin qu&#8217;ils aient la possibilit\u00e9 de donner leur consentement en poursuivant l&#8217;appel ou en raccrochant.<\/p>\n\n\n\n<p>Tout le personnel concern\u00e9 est totalement et absolument tenu de conna\u00eetre la politique en vigueur, et s&#8217;il est interrog\u00e9, il doit informer les appelants et\/ou les destinataires que l&#8217;appel est enregistr\u00e9 \u00e0 des fins de qualit\u00e9\/formation. Tout employ\u00e9 qui ne se conformerait pas aux exigences de cette politique fera l&#8217;objet d&#8217;une proc\u00e9dure disciplinaire et des mesures et\/ou d\u00e9cisions appropri\u00e9es pourront \u00eatre prises par UNICAF et l&#8217;universit\u00e9 UNICAF.<\/p>\n\n\n\n<p><strong>5. Politiques connexes<\/strong><\/p>\n\n\n\n<p>a. Politique de protection des donn\u00e9es<br>b. Politique de conservation des donn\u00e9es<\/p>\n\n\n\n<p><strong>6. Proc\u00e9dures de gestion et de diffusion des enregistrements d&#8217;appels<\/strong><\/p>\n\n\n\n<p>Les enregistrements sont stock\u00e9s en toute s\u00e9curit\u00e9, l&#8217;acc\u00e8s aux enregistrements \u00e9tant contr\u00f4l\u00e9 et g\u00e9r\u00e9 par le d\u00e9l\u00e9gu\u00e9 \u00e0 la protection des donn\u00e9es.<\/p>\n\n\n\n<p>L&#8217;acc\u00e8s aux enregistrements d&#8217;appels peut \u00eatre accord\u00e9 aux gestionnaires, aux directeurs principaux, aux chefs des d\u00e9partements concern\u00e9s, uniquement dans le cadre de l&#8217;ex\u00e9cution de leurs t\u00e2ches et de leurs fonctions, afin de maintenir la qualit\u00e9 de nos normes et de nos services, et\/ou \u00e0 toute autre fin pr\u00e9vue par la pr\u00e9sente politique.<\/p>\n\n\n\n<p>Conform\u00e9ment \u00e0 notre politique de protection des donn\u00e9es, les personnes peuvent demander \u00e0 acc\u00e9der \u00e0 l&#8217;enregistrement de leurs appels. Comme le pr\u00e9voit notre politique de protection des donn\u00e9es, &#8220;UNICAF reconna\u00eet aux individus (personnes concern\u00e9es) le droit, en vertu de la politique de protection des donn\u00e9es, d&#8217;acc\u00e9der \u00e0 toute donn\u00e9e personnelle d\u00e9tenue dans nos syst\u00e8mes et dans nos dossiers, \u00e0 leur demande, ou de supprimer et\/ou de corriger ces informations s&#8217;il s&#8217;av\u00e8re qu&#8217;elles sont inexactes, excessives ou obsol\u00e8tes&#8221;. Par cons\u00e9quent, les enregistrements seront stock\u00e9s de mani\u00e8re \u00e0 permettre au d\u00e9l\u00e9gu\u00e9 \u00e0 la protection des donn\u00e9es de retrouver le plus facilement possible les informations relatives \u00e0 une ou plusieurs personnes. Les enregistrements des appels seront conserv\u00e9s dans un dossier et archiv\u00e9s p\u00e9riodiquement sur des disques durs externes et stock\u00e9s conform\u00e9ment \u00e0 notre politique de protection des donn\u00e9es.<\/p>\n\n\n\n<p>La navigation dans les enregistrements sans raison et\/ou but valable est interdite par cette politique.<\/p>\n\n\n\n<p>Toute personne a le droit d&#8217;acc\u00e9der aux informations que nous d\u00e9tenons \u00e0 son sujet. Cela inclut les appels t\u00e9l\u00e9phoniques enregistr\u00e9s.<\/p>\n\n\n\n<p><strong>7. Consentement<\/strong><\/p>\n\n\n\n<p>En acceptant la pr\u00e9sente politique, vous consentez librement et inconditionnellement \u00e0 recevoir des appels d&#8217;Unicaf. Vous consentez \u00e9galement \u00e0 ce que, lorsque vous recevez un appel d&#8217;Unicaf et\/ou lorsque vous appelez Unicaf, sous r\u00e9serve de la politique actuelle, l&#8217;appel puisse \u00eatre surveill\u00e9 ou enregistr\u00e9 \u00e0 des fins d&#8217;assurance qualit\u00e9. Vous consentez \u00e9galement \u00e0 ce que, lors d&#8217;une conversation avec Unicaf par le biais du Live Chat, sous r\u00e9serve de la politique actuelle, la conversation puisse \u00eatre surveill\u00e9e ou enregistr\u00e9e \u00e0 des fins d&#8217;assurance qualit\u00e9.<\/p>\n","protected":false},"excerpt":{"rendered":"<p>Politique d&#8217;enregistrement d&#8217;Unicaf et de l&#8217;universit\u00e9 Unicaf 1. R\u00e9sum\u00e9 &#8211; Introduction \u00abUNICAF\u00bb et \u00abl&#8217;universit\u00e9 UNICAF\u00bb exploitent un syst\u00e8me t\u00e9l\u00e9phonique capable d&#8217;enregistrer les conversations. Comme beaucoup d&#8217;autres organisations qui exploitent des centres d&#8217;appels, il s&#8217;agit d&#8217;une pratique standard o\u00f9 les appels t\u00e9l\u00e9phoniques et\/ou les conversations en direct sont enregistr\u00e9s pour des raisons de contr\u00f4le de la [&hellip;]<\/p>\n","protected":false},"author":5,"featured_media":0,"parent":0,"menu_order":100,"comment_status":"closed","ping_status":"open","template":"page-policies-template.php","meta":{"_acf_changed":false,"footnotes":""},"class_list":["post-11943","page","type-page","status-publish","hentry"],"acf":[],"yoast_head":"<!-- This site is optimized with the Yoast SEO Premium plugin v26.7 (Yoast SEO v26.7) - https:\/\/yoast.com\/wordpress\/plugins\/seo\/ -->\n<title>Politique d&#039;enregistrement d&#039;Unicaf et de l&#039;universit\u00e9 Unicaf - Unicaf - Scholarship Programme<\/title>\n<meta name=\"robots\" content=\"index, follow, max-snippet:-1, max-image-preview:large, max-video-preview:-1\" \/>\n<link rel=\"canonical\" href=\"https:\/\/www.unicaf.org\/fr\/recording-policy\/\" \/>\n<meta property=\"og:locale\" content=\"fr_FR\" \/>\n<meta property=\"og:type\" content=\"article\" \/>\n<meta property=\"og:title\" content=\"Politique d&#039;enregistrement d&#039;Unicaf et de l&#039;universit\u00e9 Unicaf\" \/>\n<meta property=\"og:description\" content=\"Politique d&#8217;enregistrement d&#8217;Unicaf et de l&#8217;universit\u00e9 Unicaf 1. R\u00e9sum\u00e9 &#8211; Introduction \u00abUNICAF\u00bb et \u00abl&#8217;universit\u00e9 UNICAF\u00bb exploitent un syst\u00e8me t\u00e9l\u00e9phonique capable d&#8217;enregistrer les conversations. Comme beaucoup d&#8217;autres organisations qui exploitent des centres d&#8217;appels, il s&#8217;agit d&#8217;une pratique standard o\u00f9 les appels t\u00e9l\u00e9phoniques et\/ou les conversations en direct sont enregistr\u00e9s pour des raisons de contr\u00f4le de la [&hellip;]\" \/>\n<meta property=\"og:url\" content=\"https:\/\/www.unicaf.org\/fr\/recording-policy\/\" \/>\n<meta property=\"og:site_name\" content=\"Unicaf - Scholarship Programme\" \/>\n<meta property=\"article:publisher\" content=\"https:\/\/www.facebook.com\/UNICAF\" \/>\n<meta property=\"article:modified_time\" content=\"2021-10-22T05:56:07+00:00\" \/>\n<meta property=\"og:image\" content=\"https:\/\/cdn.unicaf.org\/websites\/unicaf\/wp-content\/uploads\/2022\/04\/Unicaf-logo-4-Copy.png\" \/>\n\t<meta property=\"og:image:width\" content=\"250\" \/>\n\t<meta property=\"og:image:height\" content=\"250\" \/>\n\t<meta property=\"og:image:type\" content=\"image\/png\" \/>\n<meta name=\"twitter:card\" content=\"summary_large_image\" \/>\n<meta name=\"twitter:site\" content=\"@Unicaforg\" \/>\n<meta name=\"twitter:label1\" content=\"Est. reading time\" \/>\n\t<meta name=\"twitter:data1\" content=\"6 minutes\" \/>\n<script type=\"application\/ld+json\" class=\"yoast-schema-graph\">{\"@context\":\"https:\/\/schema.org\",\"@graph\":[{\"@type\":\"WebPage\",\"@id\":\"https:\/\/www.unicaf.org\/fr\/recording-policy\/\",\"url\":\"https:\/\/www.unicaf.org\/fr\/recording-policy\/\",\"name\":\"Politique d'enregistrement d'Unicaf et de l'universit\u00e9 Unicaf - Unicaf - Scholarship Programme\",\"isPartOf\":{\"@id\":\"https:\/\/www.unicaf.org\/#website\"},\"datePublished\":\"2021-07-26T10:16:11+00:00\",\"dateModified\":\"2021-10-22T05:56:07+00:00\",\"inLanguage\":\"fr-FR\",\"potentialAction\":[{\"@type\":\"ReadAction\",\"target\":[\"https:\/\/www.unicaf.org\/fr\/recording-policy\/\"]}]},{\"@type\":\"WebSite\",\"@id\":\"https:\/\/www.unicaf.org\/#website\",\"url\":\"https:\/\/www.unicaf.org\/\",\"name\":\"Unicaf - Scholarship Programme\",\"description\":\"Study Online Graduate On Campus\",\"publisher\":{\"@id\":\"https:\/\/www.unicaf.org\/#organization\"},\"potentialAction\":[{\"@type\":\"SearchAction\",\"target\":{\"@type\":\"EntryPoint\",\"urlTemplate\":\"https:\/\/www.unicaf.org\/?s={search_term_string}\"},\"query-input\":{\"@type\":\"PropertyValueSpecification\",\"valueRequired\":true,\"valueName\":\"search_term_string\"}}],\"inLanguage\":\"fr-FR\"},{\"@type\":\"Organization\",\"@id\":\"https:\/\/www.unicaf.org\/#organization\",\"name\":\"Unicaf\",\"url\":\"https:\/\/www.unicaf.org\/\",\"logo\":{\"@type\":\"ImageObject\",\"inLanguage\":\"fr-FR\",\"@id\":\"https:\/\/www.unicaf.org\/#\/schema\/logo\/image\/\",\"url\":\"https:\/\/cdn.unicaf.org\/websites\/unicaf\/wp-content\/uploads\/2021\/03\/Unicaf-logo.png\",\"contentUrl\":\"https:\/\/cdn.unicaf.org\/websites\/unicaf\/wp-content\/uploads\/2021\/03\/Unicaf-logo.png\",\"width\":270,\"height\":80,\"caption\":\"Unicaf\"},\"image\":{\"@id\":\"https:\/\/www.unicaf.org\/#\/schema\/logo\/image\/\"},\"sameAs\":[\"https:\/\/www.facebook.com\/UNICAF\",\"https:\/\/x.com\/Unicaforg\",\"https:\/\/www.instagram.com\/unicaf_online\",\"https:\/\/www.linkedin.com\/school\/5229637\/admin\/\",\"https:\/\/www.youtube.com\/c\/UnicafOrganization\",\"https:\/\/en.wikipedia.org\/wiki\/UNICAF\"]}]}<\/script>\n<!-- \/ Yoast SEO Premium plugin. -->","yoast_head_json":{"title":"Politique d'enregistrement d'Unicaf et de l'universit\u00e9 Unicaf - Unicaf - Scholarship Programme","robots":{"index":"index","follow":"follow","max-snippet":"max-snippet:-1","max-image-preview":"max-image-preview:large","max-video-preview":"max-video-preview:-1"},"canonical":"https:\/\/www.unicaf.org\/fr\/recording-policy\/","og_locale":"fr_FR","og_type":"article","og_title":"Politique d'enregistrement d'Unicaf et de l'universit\u00e9 Unicaf","og_description":"Politique d&#8217;enregistrement d&#8217;Unicaf et de l&#8217;universit\u00e9 Unicaf 1. R\u00e9sum\u00e9 &#8211; Introduction \u00abUNICAF\u00bb et \u00abl&#8217;universit\u00e9 UNICAF\u00bb exploitent un syst\u00e8me t\u00e9l\u00e9phonique capable d&#8217;enregistrer les conversations. Comme beaucoup d&#8217;autres organisations qui exploitent des centres d&#8217;appels, il s&#8217;agit d&#8217;une pratique standard o\u00f9 les appels t\u00e9l\u00e9phoniques et\/ou les conversations en direct sont enregistr\u00e9s pour des raisons de contr\u00f4le de la [&hellip;]","og_url":"https:\/\/www.unicaf.org\/fr\/recording-policy\/","og_site_name":"Unicaf - Scholarship Programme","article_publisher":"https:\/\/www.facebook.com\/UNICAF","article_modified_time":"2021-10-22T05:56:07+00:00","og_image":[{"width":250,"height":250,"url":"https:\/\/cdn.unicaf.org\/websites\/unicaf\/wp-content\/uploads\/2022\/04\/Unicaf-logo-4-Copy.png","type":"image\/png"}],"twitter_card":"summary_large_image","twitter_site":"@Unicaforg","twitter_misc":{"Est. reading time":"6 minutes"},"schema":{"@context":"https:\/\/schema.org","@graph":[{"@type":"WebPage","@id":"https:\/\/www.unicaf.org\/fr\/recording-policy\/","url":"https:\/\/www.unicaf.org\/fr\/recording-policy\/","name":"Politique d'enregistrement d'Unicaf et de l'universit\u00e9 Unicaf - Unicaf - Scholarship Programme","isPartOf":{"@id":"https:\/\/www.unicaf.org\/#website"},"datePublished":"2021-07-26T10:16:11+00:00","dateModified":"2021-10-22T05:56:07+00:00","inLanguage":"fr-FR","potentialAction":[{"@type":"ReadAction","target":["https:\/\/www.unicaf.org\/fr\/recording-policy\/"]}]},{"@type":"WebSite","@id":"https:\/\/www.unicaf.org\/#website","url":"https:\/\/www.unicaf.org\/","name":"Unicaf - Scholarship Programme","description":"Study Online Graduate On Campus","publisher":{"@id":"https:\/\/www.unicaf.org\/#organization"},"potentialAction":[{"@type":"SearchAction","target":{"@type":"EntryPoint","urlTemplate":"https:\/\/www.unicaf.org\/?s={search_term_string}"},"query-input":{"@type":"PropertyValueSpecification","valueRequired":true,"valueName":"search_term_string"}}],"inLanguage":"fr-FR"},{"@type":"Organization","@id":"https:\/\/www.unicaf.org\/#organization","name":"Unicaf","url":"https:\/\/www.unicaf.org\/","logo":{"@type":"ImageObject","inLanguage":"fr-FR","@id":"https:\/\/www.unicaf.org\/#\/schema\/logo\/image\/","url":"https:\/\/cdn.unicaf.org\/websites\/unicaf\/wp-content\/uploads\/2021\/03\/Unicaf-logo.png","contentUrl":"https:\/\/cdn.unicaf.org\/websites\/unicaf\/wp-content\/uploads\/2021\/03\/Unicaf-logo.png","width":270,"height":80,"caption":"Unicaf"},"image":{"@id":"https:\/\/www.unicaf.org\/#\/schema\/logo\/image\/"},"sameAs":["https:\/\/www.facebook.com\/UNICAF","https:\/\/x.com\/Unicaforg","https:\/\/www.instagram.com\/unicaf_online","https:\/\/www.linkedin.com\/school\/5229637\/admin\/","https:\/\/www.youtube.com\/c\/UnicafOrganization","https:\/\/en.wikipedia.org\/wiki\/UNICAF"]}]}},"_links":{"self":[{"href":"https:\/\/www.unicaf.org\/fr\/wp-json\/wp\/v2\/pages\/11943","targetHints":{"allow":["GET"]}}],"collection":[{"href":"https:\/\/www.unicaf.org\/fr\/wp-json\/wp\/v2\/pages"}],"about":[{"href":"https:\/\/www.unicaf.org\/fr\/wp-json\/wp\/v2\/types\/page"}],"author":[{"embeddable":true,"href":"https:\/\/www.unicaf.org\/fr\/wp-json\/wp\/v2\/users\/5"}],"replies":[{"embeddable":true,"href":"https:\/\/www.unicaf.org\/fr\/wp-json\/wp\/v2\/comments?post=11943"}],"version-history":[{"count":3,"href":"https:\/\/www.unicaf.org\/fr\/wp-json\/wp\/v2\/pages\/11943\/revisions"}],"predecessor-version":[{"id":13157,"href":"https:\/\/www.unicaf.org\/fr\/wp-json\/wp\/v2\/pages\/11943\/revisions\/13157"}],"wp:attachment":[{"href":"https:\/\/www.unicaf.org\/fr\/wp-json\/wp\/v2\/media?parent=11943"}],"curies":[{"name":"wp","href":"https:\/\/api.w.org\/{rel}","templated":true}]}}