  {"id":18363,"date":"2022-12-29T15:21:28","date_gmt":"2022-12-29T12:21:28","guid":{"rendered":"https:\/\/www.unicaf.org\/?page_id=18363"},"modified":"2023-01-30T12:29:43","modified_gmt":"2023-01-30T09:29:43","slug":"temoignages-des-etudiants","status":"publish","type":"page","link":"https:\/\/www.unicaf.org\/fr\/discover\/experience\/temoignages-des-etudiants\/","title":{"rendered":"T\u00e9moignages des \u00e9tudiants"},"content":{"rendered":"<div class=\"container\" id=\"title-subtitle-content\">\n    <h1 class=\"bold\"> Ce que disent nos \u00e9tudiants<\/h1>\n    <p class=\"subtitle semi-bold\"> Des milliers d&#8217;\u00e9tudiants dans le monde entier ont obtenu un dipl\u00f4me reconnu internationalement gr\u00e2ce \u00e0 une bourse d&#8217;\u00e9tudes Unicaf. Lisez ce que les \u00e9tudiants actuels et anciens ont \u00e0 dire sur leur exp\u00e9rience en tant qu&#8217;\u00e9tudiants et sur la fa\u00e7on dont ils se sont d\u00e9velopp\u00e9s personnellement et professionnellement.\r\n<\/p>\n    <div class=\"wysiwyg-editor-body\">\n        \n    <\/div>\n    <\/div>\n\n\n<section id=\"students-testimonials\">\n    <div class=\"container\">\n        <div class=\"row\">\n                            <!-- Card 5 -->\n<div class=\"col-lg-4 col-md-6 col-sm-12 card-container px-1 success-stories-post-container\">\n    <a class=\"success-story-card-link\" href=\"https:\/\/www.unicaf.org\/fr\/success-story\/oluwatosin-doyinsola-awe\/\">\n        <div class=\"card-content-container\">\n            <!-- Card 5 main -->\n            <div class=\"card-content\">\n                <div class=\"card main lozad\" data-background-image=\"https:\/\/cdn.unicaf.org\/websites\/unicaf\/wp-content\/uploads\/2022\/12\/Oluwatosin-Doyinsola-Awe.png\" >\n                    <div class=\"card-img-overlay d-flex flex-column\">\n                        <h3 class=\"bold white-txt mt-auto\">Oluwatosin Doyinsola Awe, Nig\u00e9ria\n                            <i class=\"fa fa-chevron-right arrow-white-brd\"><\/i><\/h3>\n                        <p class=\"p2-size white-txt\">\n                                                            Universit\u00e9 Unicaf &#8211; Programmes fran\u00e7ais\n                            \n                            <br\/>\n                                                            \n                                                    <\/p>\n                    <\/div>\n                <\/div>\n                <!-- End Card 5 main -->\n                <!-- Card 5 hover -->\n                <div class=\"card hover\">\n                    <div class=\"card-block d-flex flex-column\">\n                        <h4 class=\"bold white-txt mt-auto\"><p>Mon exp\u00e9rience d&#8217;apprentissage a \u00e9t\u00e9 superbe.<\/p>\n<\/h4>\n                        <h3 class=\"white-txt bold mt-auto\">Oluwatosin Doyinsola Awe, Nig\u00e9ria <i class=\"fa fa-chevron-right arrow-white-brd\"><\/i><\/h3>\n                        <p class=\"p2-size white-txt\">\n                                                            Universit\u00e9 Unicaf &#8211; Programmes fran\u00e7ais\n                                                        <br\/>\n                                                            \n                                                    <\/p>\n                    <\/div>\n                <\/div>\n            <\/div>\n            <!-- End Card 5 Back -->\n        <\/div>\n    <\/a>\n<\/div>\n<!-- End Card 5 -->\n                            <!-- Card 5 -->\n<div class=\"col-lg-4 col-md-6 col-sm-12 card-container px-1 success-stories-post-container\">\n    <a class=\"success-story-card-link\" href=\"https:\/\/www.unicaf.org\/fr\/success-story\/lhistoire-deneva-ronald\/\">\n        <div class=\"card-content-container\">\n            <!-- Card 5 main -->\n            <div class=\"card-content\">\n                <div class=\"card main lozad\" data-background-image=\"https:\/\/cdn.unicaf.org\/websites\/unicaf\/wp-content\/uploads\/2022\/12\/Neva-Ronald-1.png\" >\n                    <div class=\"card-img-overlay d-flex flex-column\">\n                        <h3 class=\"bold white-txt mt-auto\">Neva Ronald, Malawi\n                            <i class=\"fa fa-chevron-right arrow-white-brd\"><\/i><\/h3>\n                        <p class=\"p2-size white-txt\">\n                                                            Universit\u00e9 Unicaf &#8211; Programmes fran\u00e7ais\n                            \n                            <br\/>\n                                                            \n                                                    <\/p>\n                    <\/div>\n                <\/div>\n                <!-- End Card 5 main -->\n                <!-- Card 5 hover -->\n                <div class=\"card hover\">\n                    <div class=\"card-block d-flex flex-column\">\n                        <h4 class=\"bold white-txt mt-auto\"><p>Vous pouvez \u00e9tudier, travailler et vous occuper de votre famille. <\/p>\n<\/h4>\n                        <h3 class=\"white-txt bold mt-auto\">Neva Ronald, Malawi <i class=\"fa fa-chevron-right arrow-white-brd\"><\/i><\/h3>\n                        <p class=\"p2-size white-txt\">\n                                                            Universit\u00e9 Unicaf &#8211; Programmes fran\u00e7ais\n                                                        <br\/>\n                                                            \n                                                    <\/p>\n                    <\/div>\n                <\/div>\n            <\/div>\n            <!-- End Card 5 Back -->\n        <\/div>\n    <\/a>\n<\/div>\n<!-- End Card 5 -->\n                    <\/div>\n        \n    <\/div>\n<\/section>\n\n\n<div style=\"height:100px\" aria-hidden=\"true\" class=\"wp-block-spacer\"><\/div>\n","protected":false},"excerpt":{"rendered":"","protected":false},"author":35,"featured_media":11854,"parent":11840,"menu_order":64,"comment_status":"closed","ping_status":"closed","template":"page-success-stories.php","meta":{"_acf_changed":false,"footnotes":""},"class_list":["post-18363","page","type-page","status-publish","has-post-thumbnail","hentry"],"acf":[],"yoast_head":"<!-- This site is optimized with the Yoast SEO Premium plugin v26.7 (Yoast SEO v26.7) - https:\/\/yoast.com\/wordpress\/plugins\/seo\/ -->\n<title>T\u00e9moignages des \u00e9tudiants - Unicaf - Scholarship Programme<\/title>\n<meta name=\"robots\" content=\"index, follow, max-snippet:-1, max-image-preview:large, max-video-preview:-1\" \/>\n<link rel=\"canonical\" href=\"https:\/\/www.unicaf.org\/fr\/discover\/experience\/temoignages-des-etudiants\/\" \/>\n<meta property=\"og:locale\" content=\"fr_FR\" \/>\n<meta property=\"og:type\" content=\"article\" \/>\n<meta property=\"og:title\" content=\"T\u00e9moignages des \u00e9tudiants\" \/>\n<meta property=\"og:url\" content=\"https:\/\/www.unicaf.org\/fr\/discover\/experience\/temoignages-des-etudiants\/\" \/>\n<meta property=\"og:site_name\" content=\"Unicaf - Scholarship Programme\" \/>\n<meta property=\"article:publisher\" content=\"https:\/\/www.facebook.com\/UNICAF\" \/>\n<meta property=\"article:modified_time\" content=\"2023-01-30T09:29:43+00:00\" \/>\n<meta property=\"og:image\" content=\"https:\/\/cdn.unicaf.org\/websites\/unicaf\/wp-content\/uploads\/2020\/10\/IMG-20191216-WA0036.png\" \/>\n\t<meta property=\"og:image:width\" content=\"1367\" \/>\n\t<meta property=\"og:image:height\" content=\"560\" \/>\n\t<meta property=\"og:image:type\" content=\"image\/png\" \/>\n<meta name=\"twitter:card\" content=\"summary_large_image\" \/>\n<meta name=\"twitter:site\" content=\"@Unicaforg\" \/>\n<script type=\"application\/ld+json\" class=\"yoast-schema-graph\">{\"@context\":\"https:\/\/schema.org\",\"@graph\":[{\"@type\":\"WebPage\",\"@id\":\"https:\/\/www.unicaf.org\/fr\/discover\/experience\/temoignages-des-etudiants\/\",\"url\":\"https:\/\/www.unicaf.org\/fr\/discover\/experience\/temoignages-des-etudiants\/\",\"name\":\"T\u00e9moignages des \u00e9tudiants - Unicaf - Scholarship Programme\",\"isPartOf\":{\"@id\":\"https:\/\/www.unicaf.org\/#website\"},\"primaryImageOfPage\":{\"@id\":\"https:\/\/www.unicaf.org\/fr\/discover\/experience\/temoignages-des-etudiants\/#primaryimage\"},\"image\":{\"@id\":\"https:\/\/www.unicaf.org\/fr\/discover\/experience\/temoignages-des-etudiants\/#primaryimage\"},\"thumbnailUrl\":\"https:\/\/cdn.unicaf.org\/websites\/unicaf\/wp-content\/uploads\/2020\/10\/IMG-20191216-WA0036.png\",\"datePublished\":\"2022-12-29T12:21:28+00:00\",\"dateModified\":\"2023-01-30T09:29:43+00:00\",\"breadcrumb\":{\"@id\":\"https:\/\/www.unicaf.org\/fr\/discover\/experience\/temoignages-des-etudiants\/#breadcrumb\"},\"inLanguage\":\"fr-FR\",\"potentialAction\":[{\"@type\":\"ReadAction\",\"target\":[\"https:\/\/www.unicaf.org\/fr\/discover\/experience\/temoignages-des-etudiants\/\"]}]},{\"@type\":\"ImageObject\",\"inLanguage\":\"fr-FR\",\"@id\":\"https:\/\/www.unicaf.org\/fr\/discover\/experience\/temoignages-des-etudiants\/#primaryimage\",\"url\":\"https:\/\/cdn.unicaf.org\/websites\/unicaf\/wp-content\/uploads\/2020\/10\/IMG-20191216-WA0036.png\",\"contentUrl\":\"https:\/\/cdn.unicaf.org\/websites\/unicaf\/wp-content\/uploads\/2020\/10\/IMG-20191216-WA0036.png\",\"width\":1367,\"height\":560},{\"@type\":\"BreadcrumbList\",\"@id\":\"https:\/\/www.unicaf.org\/fr\/discover\/experience\/temoignages-des-etudiants\/#breadcrumb\",\"itemListElement\":[{\"@type\":\"ListItem\",\"position\":1,\"name\":\"D\u00e9couvrez\",\"item\":\"https:\/\/www.unicaf.org\/fr\/discover\/\"},{\"@type\":\"ListItem\",\"position\":2,\"name\":\"Exp\u00e9rience\",\"item\":\"https:\/\/www.unicaf.org\/fr\/?page_id=11840\"},{\"@type\":\"ListItem\",\"position\":3,\"name\":\"T\u00e9moignages des \u00e9tudiants\"}]},{\"@type\":\"WebSite\",\"@id\":\"https:\/\/www.unicaf.org\/#website\",\"url\":\"https:\/\/www.unicaf.org\/\",\"name\":\"Unicaf - Scholarship Programme\",\"description\":\"Study Online Graduate On Campus\",\"publisher\":{\"@id\":\"https:\/\/www.unicaf.org\/#organization\"},\"potentialAction\":[{\"@type\":\"SearchAction\",\"target\":{\"@type\":\"EntryPoint\",\"urlTemplate\":\"https:\/\/www.unicaf.org\/?s={search_term_string}\"},\"query-input\":{\"@type\":\"PropertyValueSpecification\",\"valueRequired\":true,\"valueName\":\"search_term_string\"}}],\"inLanguage\":\"fr-FR\"},{\"@type\":\"Organization\",\"@id\":\"https:\/\/www.unicaf.org\/#organization\",\"name\":\"Unicaf\",\"url\":\"https:\/\/www.unicaf.org\/\",\"logo\":{\"@type\":\"ImageObject\",\"inLanguage\":\"fr-FR\",\"@id\":\"https:\/\/www.unicaf.org\/#\/schema\/logo\/image\/\",\"url\":\"https:\/\/cdn.unicaf.org\/websites\/unicaf\/wp-content\/uploads\/2021\/03\/Unicaf-logo.png\",\"contentUrl\":\"https:\/\/cdn.unicaf.org\/websites\/unicaf\/wp-content\/uploads\/2021\/03\/Unicaf-logo.png\",\"width\":270,\"height\":80,\"caption\":\"Unicaf\"},\"image\":{\"@id\":\"https:\/\/www.unicaf.org\/#\/schema\/logo\/image\/\"},\"sameAs\":[\"https:\/\/www.facebook.com\/UNICAF\",\"https:\/\/x.com\/Unicaforg\",\"https:\/\/www.instagram.com\/unicaf_online\",\"https:\/\/www.linkedin.com\/school\/5229637\/admin\/\",\"https:\/\/www.youtube.com\/c\/UnicafOrganization\",\"https:\/\/en.wikipedia.org\/wiki\/UNICAF\"]}]}<\/script>\n<!-- \/ Yoast SEO Premium plugin. -->","yoast_head_json":{"title":"T\u00e9moignages des \u00e9tudiants - Unicaf - Scholarship Programme","robots":{"index":"index","follow":"follow","max-snippet":"max-snippet:-1","max-image-preview":"max-image-preview:large","max-video-preview":"max-video-preview:-1"},"canonical":"https:\/\/www.unicaf.org\/fr\/discover\/experience\/temoignages-des-etudiants\/","og_locale":"fr_FR","og_type":"article","og_title":"T\u00e9moignages des \u00e9tudiants","og_url":"https:\/\/www.unicaf.org\/fr\/discover\/experience\/temoignages-des-etudiants\/","og_site_name":"Unicaf - Scholarship Programme","article_publisher":"https:\/\/www.facebook.com\/UNICAF","article_modified_time":"2023-01-30T09:29:43+00:00","og_image":[{"width":1367,"height":560,"url":"https:\/\/cdn.unicaf.org\/websites\/unicaf\/wp-content\/uploads\/2020\/10\/IMG-20191216-WA0036.png","type":"image\/png"}],"twitter_card":"summary_large_image","twitter_site":"@Unicaforg","schema":{"@context":"https:\/\/schema.org","@graph":[{"@type":"WebPage","@id":"https:\/\/www.unicaf.org\/fr\/discover\/experience\/temoignages-des-etudiants\/","url":"https:\/\/www.unicaf.org\/fr\/discover\/experience\/temoignages-des-etudiants\/","name":"T\u00e9moignages des \u00e9tudiants - Unicaf - Scholarship Programme","isPartOf":{"@id":"https:\/\/www.unicaf.org\/#website"},"primaryImageOfPage":{"@id":"https:\/\/www.unicaf.org\/fr\/discover\/experience\/temoignages-des-etudiants\/#primaryimage"},"image":{"@id":"https:\/\/www.unicaf.org\/fr\/discover\/experience\/temoignages-des-etudiants\/#primaryimage"},"thumbnailUrl":"https:\/\/cdn.unicaf.org\/websites\/unicaf\/wp-content\/uploads\/2020\/10\/IMG-20191216-WA0036.png","datePublished":"2022-12-29T12:21:28+00:00","dateModified":"2023-01-30T09:29:43+00:00","breadcrumb":{"@id":"https:\/\/www.unicaf.org\/fr\/discover\/experience\/temoignages-des-etudiants\/#breadcrumb"},"inLanguage":"fr-FR","potentialAction":[{"@type":"ReadAction","target":["https:\/\/www.unicaf.org\/fr\/discover\/experience\/temoignages-des-etudiants\/"]}]},{"@type":"ImageObject","inLanguage":"fr-FR","@id":"https:\/\/www.unicaf.org\/fr\/discover\/experience\/temoignages-des-etudiants\/#primaryimage","url":"https:\/\/cdn.unicaf.org\/websites\/unicaf\/wp-content\/uploads\/2020\/10\/IMG-20191216-WA0036.png","contentUrl":"https:\/\/cdn.unicaf.org\/websites\/unicaf\/wp-content\/uploads\/2020\/10\/IMG-20191216-WA0036.png","width":1367,"height":560},{"@type":"BreadcrumbList","@id":"https:\/\/www.unicaf.org\/fr\/discover\/experience\/temoignages-des-etudiants\/#breadcrumb","itemListElement":[{"@type":"ListItem","position":1,"name":"D\u00e9couvrez","item":"https:\/\/www.unicaf.org\/fr\/discover\/"},{"@type":"ListItem","position":2,"name":"Exp\u00e9rience","item":"https:\/\/www.unicaf.org\/fr\/?page_id=11840"},{"@type":"ListItem","position":3,"name":"T\u00e9moignages des \u00e9tudiants"}]},{"@type":"WebSite","@id":"https:\/\/www.unicaf.org\/#website","url":"https:\/\/www.unicaf.org\/","name":"Unicaf - Scholarship Programme","description":"Study Online Graduate On Campus","publisher":{"@id":"https:\/\/www.unicaf.org\/#organization"},"potentialAction":[{"@type":"SearchAction","target":{"@type":"EntryPoint","urlTemplate":"https:\/\/www.unicaf.org\/?s={search_term_string}"},"query-input":{"@type":"PropertyValueSpecification","valueRequired":true,"valueName":"search_term_string"}}],"inLanguage":"fr-FR"},{"@type":"Organization","@id":"https:\/\/www.unicaf.org\/#organization","name":"Unicaf","url":"https:\/\/www.unicaf.org\/","logo":{"@type":"ImageObject","inLanguage":"fr-FR","@id":"https:\/\/www.unicaf.org\/#\/schema\/logo\/image\/","url":"https:\/\/cdn.unicaf.org\/websites\/unicaf\/wp-content\/uploads\/2021\/03\/Unicaf-logo.png","contentUrl":"https:\/\/cdn.unicaf.org\/websites\/unicaf\/wp-content\/uploads\/2021\/03\/Unicaf-logo.png","width":270,"height":80,"caption":"Unicaf"},"image":{"@id":"https:\/\/www.unicaf.org\/#\/schema\/logo\/image\/"},"sameAs":["https:\/\/www.facebook.com\/UNICAF","https:\/\/x.com\/Unicaforg","https:\/\/www.instagram.com\/unicaf_online","https:\/\/www.linkedin.com\/school\/5229637\/admin\/","https:\/\/www.youtube.com\/c\/UnicafOrganization","https:\/\/en.wikipedia.org\/wiki\/UNICAF"]}]}},"_links":{"self":[{"href":"https:\/\/www.unicaf.org\/fr\/wp-json\/wp\/v2\/pages\/18363","targetHints":{"allow":["GET"]}}],"collection":[{"href":"https:\/\/www.unicaf.org\/fr\/wp-json\/wp\/v2\/pages"}],"about":[{"href":"https:\/\/www.unicaf.org\/fr\/wp-json\/wp\/v2\/types\/page"}],"author":[{"embeddable":true,"href":"https:\/\/www.unicaf.org\/fr\/wp-json\/wp\/v2\/users\/35"}],"replies":[{"embeddable":true,"href":"https:\/\/www.unicaf.org\/fr\/wp-json\/wp\/v2\/comments?post=18363"}],"version-history":[{"count":11,"href":"https:\/\/www.unicaf.org\/fr\/wp-json\/wp\/v2\/pages\/18363\/revisions"}],"predecessor-version":[{"id":20779,"href":"https:\/\/www.unicaf.org\/fr\/wp-json\/wp\/v2\/pages\/18363\/revisions\/20779"}],"up":[{"embeddable":true,"href":"https:\/\/www.unicaf.org\/fr\/wp-json\/wp\/v2\/pages\/11840"}],"wp:featuredmedia":[{"embeddable":true,"href":"https:\/\/www.unicaf.org\/fr\/wp-json\/wp\/v2\/media\/11854"}],"wp:attachment":[{"href":"https:\/\/www.unicaf.org\/fr\/wp-json\/wp\/v2\/media?parent=18363"}],"curies":[{"name":"wp","href":"https:\/\/api.w.org\/{rel}","templated":true}]}}